{"id":1044,"date":"2024-10-30T11:46:21","date_gmt":"2024-10-30T10:46:21","guid":{"rendered":"https:\/\/www.compagniadellavela.org\/?page_id=1044"},"modified":"2026-03-23T12:48:40","modified_gmt":"2026-03-23T11:48:40","slug":"squadra-optimist","status":"publish","type":"page","link":"https:\/\/www.compagniadellavela.org\/en\/squadra-optimist\/","title":{"rendered":"Squadra optimist"},"content":{"rendered":"\n<div style=\"height:100px\" aria-hidden=\"true\" class=\"wp-block-spacer\"><\/div>\n\n\n\n<div class=\"wp-block-columns is-layout-flex wp-container-core-columns-is-layout-9d6595d7 wp-block-columns-is-layout-flex\">\n<div class=\"wp-block-column is-layout-flow wp-block-column-is-layout-flow\" style=\"flex-basis:25%\">\n<figure class=\"wp-block-image size-full\"><img loading=\"lazy\" decoding=\"async\" width=\"1200\" height=\"1200\" src=\"https:\/\/www.compagniadellavela.org\/wp-content\/uploads\/2026\/03\/Gabrielecortegiani-edited.jpeg\" alt=\"\" class=\"wp-image-4150\" srcset=\"https:\/\/www.compagniadellavela.org\/wp-content\/uploads\/2026\/03\/Gabrielecortegiani-edited.jpeg 1200w, https:\/\/www.compagniadellavela.org\/wp-content\/uploads\/2026\/03\/Gabrielecortegiani-edited-300x300.jpeg 300w, https:\/\/www.compagniadellavela.org\/wp-content\/uploads\/2026\/03\/Gabrielecortegiani-edited-1024x1024.jpeg 1024w, https:\/\/www.compagniadellavela.org\/wp-content\/uploads\/2026\/03\/Gabrielecortegiani-edited-150x150.jpeg 150w, https:\/\/www.compagniadellavela.org\/wp-content\/uploads\/2026\/03\/Gabrielecortegiani-edited-768x768.jpeg 768w\" sizes=\"auto, (max-width: 1200px) 100vw, 1200px\" \/><figcaption class=\"wp-element-caption\">Gabriele Cortegiani<\/figcaption><\/figure>\n<\/div>\n\n\n\n<div class=\"wp-block-column is-layout-flow wp-block-column-is-layout-flow\">\n<h4 class=\"wp-block-heading\">ALLENATORE AGONISMO<\/h4>\n\n\n\n<p><\/p>\n\n\n\n<p>Palermo, 5 Febbraio 1986<\/p>\n\n\n\n<p>Velista professionista con una profonda passione per l&#8217;eccellenza tecnica e strategica, ho dedicato la mia carriera alla ricerca della massima performance sull&#8217;acqua. <\/p>\n\n\n\n<p>Come allenatore, fondo l&#8217;esperienza maturata sui campi di regata internazionali con una metodologia d&#8217;insegnamento orientata ai risultati e alla crescita mentale dell&#8217;atleta. Il mio obiettivo \u00e8 trasformare la complessit\u00e0 delle variabili nautiche in vantaggi competitivi concreti, guidando team e singoli velisti verso il superamento dei propri limiti<\/p>\n<\/div>\n<\/div>\n\n\n\n<div style=\"height:50px\" aria-hidden=\"true\" class=\"wp-block-spacer\"><\/div>\n\n\n\n<div class=\"wp-block-columns is-layout-flex wp-container-core-columns-is-layout-9d6595d7 wp-block-columns-is-layout-flex\">\n<div class=\"wp-block-column is-layout-flow wp-block-column-is-layout-flow\" style=\"flex-basis:25%\">\n<figure class=\"wp-block-image size-large\"><img loading=\"lazy\" decoding=\"async\" width=\"1024\" height=\"1024\" src=\"https:\/\/www.compagniadellavela.org\/wp-content\/uploads\/2024\/12\/image-14-1024x1024.jpg\" alt=\"\" class=\"wp-image-2362\" srcset=\"https:\/\/www.compagniadellavela.org\/wp-content\/uploads\/2024\/12\/image-14-1024x1024.jpg 1024w, https:\/\/www.compagniadellavela.org\/wp-content\/uploads\/2024\/12\/image-14-300x300.jpg 300w, https:\/\/www.compagniadellavela.org\/wp-content\/uploads\/2024\/12\/image-14-150x150.jpg 150w, https:\/\/www.compagniadellavela.org\/wp-content\/uploads\/2024\/12\/image-14-768x768.jpg 768w, https:\/\/www.compagniadellavela.org\/wp-content\/uploads\/2024\/12\/image-14.jpg 1224w\" sizes=\"auto, (max-width: 1024px) 100vw, 1024px\" \/><figcaption class=\"wp-element-caption\">Jacopo Pajer<\/figcaption><\/figure>\n<\/div>\n\n\n\n<div class=\"wp-block-column is-layout-flow wp-block-column-is-layout-flow\">\n<h4 class=\"wp-block-heading\">ALLENATORE PREAGONISMO<\/h4>\n\n\n\n<div style=\"height:20px\" aria-hidden=\"true\" class=\"wp-block-spacer\"><\/div>\n\n\n\n<p>Venezia, 3 Agosto 1999<br>Ciao, sono Jacopo ma in molti mi chiamano Pino. Sono nato a Venezia, fin da piccolo ho scoperto nel mare il mio habitat. Ho iniziato a fare vela all&#8217;et\u00e0 di sei anni con i corsi estivi di Optimist organizzati dalla Compagnia della Vela. Niente riusciva a fermarmi: pioggia, vento, freddo, freddissimo, nebbia, ero sempre l\u00ec, instancabile e sempre pi\u00f9 appassionato a questo nuovo mondo.<br><br>Dalla squadra agonistica Optimist sono passato alla squadra agonistica Laser e ho avuto la fortuna di far parte di un equipaggio Swan 45 che mi ha dato la possibilit\u00e0 di regatare in tanti campi di regata diversi e ad altissimi livelli.<br>Appena mi \u00e8 stato possibile a 16 anni ho deciso di fare il corso di aiuto istruttore per iniziare a supportare l&#8217;attivit\u00e0 della scuola vela. Nel 2020 ho fatto il corso per diventare istruttore di primo livello e nel 2023 ho deciso di intraprendere il percorso per ottenere il titolo di allenatore di club.<br><br>Grazie a questi brevetti ho potuto dedicarmi con infinito piacere ed entusiasmo all&#8217;insegnamento della vela ai ragazzini pi\u00f9 piccoli con la speranza di riuscire a trasmettere loro l&#8217;amore e la passione per questo sano, meraviglioso e vivo sport in pieno contatto con la natura.<\/p>\n<\/div>\n<\/div>\n\n\n\n<div style=\"height:50px\" aria-hidden=\"true\" class=\"wp-block-spacer\"><\/div>\n\n\n\n<div class=\"wp-block-columns is-layout-flex wp-container-core-columns-is-layout-9d6595d7 wp-block-columns-is-layout-flex\">\n<div class=\"wp-block-column is-layout-flow wp-block-column-is-layout-flow\" style=\"flex-basis:25%\">\n<figure class=\"wp-block-image size-full\"><img loading=\"lazy\" decoding=\"async\" width=\"459\" height=\"459\" src=\"https:\/\/www.compagniadellavela.org\/wp-content\/uploads\/2024\/12\/Marta-Bertoldini-1.jpg\" alt=\"\" class=\"wp-image-2928\" srcset=\"https:\/\/www.compagniadellavela.org\/wp-content\/uploads\/2024\/12\/Marta-Bertoldini-1.jpg 459w, https:\/\/www.compagniadellavela.org\/wp-content\/uploads\/2024\/12\/Marta-Bertoldini-1-300x300.jpg 300w, https:\/\/www.compagniadellavela.org\/wp-content\/uploads\/2024\/12\/Marta-Bertoldini-1-150x150.jpg 150w\" sizes=\"auto, (max-width: 459px) 100vw, 459px\" \/><figcaption class=\"wp-element-caption\">Marta Bertoldini<\/figcaption><\/figure>\n<\/div>\n\n\n\n<div class=\"wp-block-column is-layout-flow wp-block-column-is-layout-flow\">\n<h4 class=\"wp-block-heading\">ALLENATRICE PREAGONISMO<\/h4>\n\n\n\n<div style=\"height:20px\" aria-hidden=\"true\" class=\"wp-block-spacer\"><\/div>\n\n\n\n<p>Venezia, 29 Novembre 2002<br>Ciao, sono Marta. Nata e cresciuta a Venezia, il mare e la vela fanno parte della mia vita fin da quando, a 7 anni, ho iniziato ad andare in barca. La mia passione per la vela si \u00e8 sviluppata prima attraverso l\u2019agonismo, iniziando con la classe Optimist e proseguendo con la classe ILCA, fino a partecipare oggi a regate su barche d\u2019altura. <br><br>Dal 2018 ho iniziato a dedicarmi all\u2019insegnamento della vela, collaborando come aiuto istruttore durante i corsi estivi in vari circoli velici veneziani. Nel 2023 ho conseguito la qualifica di istruttore federale di primo livello. Presso la Compagnia della Vela, mi occupo di formazione per adulti e bambini, assistenza durante le regate e skipper per eventi.<br><br>In questi anni, ho avuto il piacere di accompagnare allievi di tutte le et\u00e0 nel loro percorso di avvicinamento alla vela. Credo fermamente che questa disciplina non sia solo una questione di tecnica, ma anche un modo per vivere il mare con rispetto, consapevolezza e libert\u00e0.<\/p>\n<\/div>\n<\/div>\n\n\n\n<div style=\"height:130px\" aria-hidden=\"true\" class=\"wp-block-spacer\"><\/div>\n\n\n\n<h2 class=\"wp-block-heading has-text-align-center\">AGONISMO OPTIMIST<\/h2>\n\n\n\n<div style=\"height:100px\" aria-hidden=\"true\" class=\"wp-block-spacer\"><\/div>\n\n\n\n<div class=\"wp-block-columns is-layout-flex wp-container-core-columns-is-layout-9d6595d7 wp-block-columns-is-layout-flex\">\n<div class=\"wp-block-column is-layout-flow wp-block-column-is-layout-flow\">\n<figure class=\"wp-block-image size-large\"><img loading=\"lazy\" decoding=\"async\" width=\"1024\" height=\"1024\" src=\"https:\/\/www.compagniadellavela.org\/wp-content\/uploads\/2024\/12\/image-13-1024x1024.jpg\" alt=\"\" class=\"wp-image-2293\" srcset=\"https:\/\/www.compagniadellavela.org\/wp-content\/uploads\/2024\/12\/image-13-1024x1024.jpg 1024w, https:\/\/www.compagniadellavela.org\/wp-content\/uploads\/2024\/12\/image-13-300x300.jpg 300w, https:\/\/www.compagniadellavela.org\/wp-content\/uploads\/2024\/12\/image-13-150x150.jpg 150w, https:\/\/www.compagniadellavela.org\/wp-content\/uploads\/2024\/12\/image-13-768x768.jpg 768w, https:\/\/www.compagniadellavela.org\/wp-content\/uploads\/2024\/12\/image-13.jpg 1224w\" sizes=\"auto, (max-width: 1024px) 100vw, 1024px\" \/><figcaption class=\"wp-element-caption\">Filippo Baldin<\/figcaption><\/figure>\n<\/div>\n\n\n\n<div class=\"wp-block-column is-layout-flow wp-block-column-is-layout-flow\">\n<figure class=\"wp-block-image size-large\"><img loading=\"lazy\" decoding=\"async\" width=\"1024\" height=\"1024\" src=\"https:\/\/www.compagniadellavela.org\/wp-content\/uploads\/2024\/12\/image-5-1-1024x1024.jpg\" alt=\"\" class=\"wp-image-2300\" srcset=\"https:\/\/www.compagniadellavela.org\/wp-content\/uploads\/2024\/12\/image-5-1-1024x1024.jpg 1024w, https:\/\/www.compagniadellavela.org\/wp-content\/uploads\/2024\/12\/image-5-1-300x300.jpg 300w, https:\/\/www.compagniadellavela.org\/wp-content\/uploads\/2024\/12\/image-5-1-150x150.jpg 150w, https:\/\/www.compagniadellavela.org\/wp-content\/uploads\/2024\/12\/image-5-1-768x768.jpg 768w, https:\/\/www.compagniadellavela.org\/wp-content\/uploads\/2024\/12\/image-5-1.jpg 1224w\" sizes=\"auto, (max-width: 1024px) 100vw, 1024px\" \/><figcaption class=\"wp-element-caption\">Leone Cela Cortesi<\/figcaption><\/figure>\n<\/div>\n\n\n\n<div class=\"wp-block-column is-layout-flow wp-block-column-is-layout-flow\">\n<figure class=\"wp-block-image size-large\"><img loading=\"lazy\" decoding=\"async\" width=\"1024\" height=\"1024\" src=\"https:\/\/www.compagniadellavela.org\/wp-content\/uploads\/2024\/12\/extra-2-1024x1024.jpg\" alt=\"\" class=\"wp-image-2302\" srcset=\"https:\/\/www.compagniadellavela.org\/wp-content\/uploads\/2024\/12\/extra-2-1024x1024.jpg 1024w, https:\/\/www.compagniadellavela.org\/wp-content\/uploads\/2024\/12\/extra-2-300x300.jpg 300w, https:\/\/www.compagniadellavela.org\/wp-content\/uploads\/2024\/12\/extra-2-150x150.jpg 150w, https:\/\/www.compagniadellavela.org\/wp-content\/uploads\/2024\/12\/extra-2-768x768.jpg 768w, https:\/\/www.compagniadellavela.org\/wp-content\/uploads\/2024\/12\/extra-2.jpg 1224w\" sizes=\"auto, (max-width: 1024px) 100vw, 1024px\" \/><figcaption class=\"wp-element-caption\">Guido Gianetti<\/figcaption><\/figure>\n<\/div>\n\n\n\n<div class=\"wp-block-column is-layout-flow wp-block-column-is-layout-flow\">\n<figure class=\"wp-block-image size-large\"><img loading=\"lazy\" decoding=\"async\" width=\"1024\" height=\"1024\" src=\"https:\/\/www.compagniadellavela.org\/wp-content\/uploads\/2024\/12\/image-6-2-1024x1024.jpg\" alt=\"\" class=\"wp-image-2314\" srcset=\"https:\/\/www.compagniadellavela.org\/wp-content\/uploads\/2024\/12\/image-6-2-1024x1024.jpg 1024w, https:\/\/www.compagniadellavela.org\/wp-content\/uploads\/2024\/12\/image-6-2-300x300.jpg 300w, https:\/\/www.compagniadellavela.org\/wp-content\/uploads\/2024\/12\/image-6-2-150x150.jpg 150w, https:\/\/www.compagniadellavela.org\/wp-content\/uploads\/2024\/12\/image-6-2-768x768.jpg 768w, https:\/\/www.compagniadellavela.org\/wp-content\/uploads\/2024\/12\/image-6-2.jpg 1224w\" sizes=\"auto, (max-width: 1024px) 100vw, 1024px\" \/><figcaption class=\"wp-element-caption\">Giulia Scarpa<\/figcaption><\/figure>\n<\/div>\n<\/div>\n\n\n\n<div class=\"wp-block-columns is-layout-flex wp-container-core-columns-is-layout-9d6595d7 wp-block-columns-is-layout-flex\">\n<div class=\"wp-block-column is-layout-flow wp-block-column-is-layout-flow\">\n<figure class=\"wp-block-image size-large\"><img loading=\"lazy\" decoding=\"async\" width=\"1024\" height=\"1024\" src=\"https:\/\/www.compagniadellavela.org\/wp-content\/uploads\/2024\/12\/image-10-1-1024x1024.jpg\" alt=\"\" class=\"wp-image-2318\" srcset=\"https:\/\/www.compagniadellavela.org\/wp-content\/uploads\/2024\/12\/image-10-1-1024x1024.jpg 1024w, https:\/\/www.compagniadellavela.org\/wp-content\/uploads\/2024\/12\/image-10-1-300x300.jpg 300w, https:\/\/www.compagniadellavela.org\/wp-content\/uploads\/2024\/12\/image-10-1-150x150.jpg 150w, https:\/\/www.compagniadellavela.org\/wp-content\/uploads\/2024\/12\/image-10-1-768x768.jpg 768w, https:\/\/www.compagniadellavela.org\/wp-content\/uploads\/2024\/12\/image-10-1.jpg 1224w\" sizes=\"auto, (max-width: 1024px) 100vw, 1024px\" \/><figcaption class=\"wp-element-caption\">Giada Sitran<\/figcaption><\/figure>\n<\/div>\n\n\n\n<div class=\"wp-block-column is-layout-flow wp-block-column-is-layout-flow\">\n<figure class=\"wp-block-image size-large\"><img loading=\"lazy\" decoding=\"async\" width=\"1024\" height=\"1024\" src=\"https:\/\/www.compagniadellavela.org\/wp-content\/uploads\/2024\/12\/image-1-1-1024x1024.jpg\" alt=\"\" class=\"wp-image-2306\" srcset=\"https:\/\/www.compagniadellavela.org\/wp-content\/uploads\/2024\/12\/image-1-1-1024x1024.jpg 1024w, https:\/\/www.compagniadellavela.org\/wp-content\/uploads\/2024\/12\/image-1-1-300x300.jpg 300w, https:\/\/www.compagniadellavela.org\/wp-content\/uploads\/2024\/12\/image-1-1-150x150.jpg 150w, https:\/\/www.compagniadellavela.org\/wp-content\/uploads\/2024\/12\/image-1-1-768x768.jpg 768w, https:\/\/www.compagniadellavela.org\/wp-content\/uploads\/2024\/12\/image-1-1.jpg 1224w\" sizes=\"auto, (max-width: 1024px) 100vw, 1024px\" \/><figcaption class=\"wp-element-caption\">Giovanni Tommasini<\/figcaption><\/figure>\n<\/div>\n\n\n\n<div class=\"wp-block-column is-layout-flow wp-block-column-is-layout-flow\">\n<figure class=\"wp-block-image size-full\"><img loading=\"lazy\" decoding=\"async\" width=\"612\" height=\"612\" src=\"https:\/\/www.compagniadellavela.org\/wp-content\/uploads\/2024\/12\/VIANELLO-ALESSANDRO.jpg\" alt=\"\" class=\"wp-image-2596\" srcset=\"https:\/\/www.compagniadellavela.org\/wp-content\/uploads\/2024\/12\/VIANELLO-ALESSANDRO.jpg 612w, https:\/\/www.compagniadellavela.org\/wp-content\/uploads\/2024\/12\/VIANELLO-ALESSANDRO-300x300.jpg 300w, https:\/\/www.compagniadellavela.org\/wp-content\/uploads\/2024\/12\/VIANELLO-ALESSANDRO-150x150.jpg 150w\" sizes=\"auto, (max-width: 612px) 100vw, 612px\" \/><figcaption class=\"wp-element-caption\">Alessandro Vianello<\/figcaption><\/figure>\n<\/div>\n\n\n\n<div class=\"wp-block-column is-layout-flow wp-block-column-is-layout-flow\">\n<figure class=\"wp-block-image size-large\"><img loading=\"lazy\" decoding=\"async\" width=\"1024\" height=\"1024\" src=\"https:\/\/www.compagniadellavela.org\/wp-content\/uploads\/2024\/12\/image-8-1-1024x1024.jpg\" alt=\"\" class=\"wp-image-2316\" srcset=\"https:\/\/www.compagniadellavela.org\/wp-content\/uploads\/2024\/12\/image-8-1-1024x1024.jpg 1024w, https:\/\/www.compagniadellavela.org\/wp-content\/uploads\/2024\/12\/image-8-1-300x300.jpg 300w, https:\/\/www.compagniadellavela.org\/wp-content\/uploads\/2024\/12\/image-8-1-150x150.jpg 150w, https:\/\/www.compagniadellavela.org\/wp-content\/uploads\/2024\/12\/image-8-1-768x768.jpg 768w, https:\/\/www.compagniadellavela.org\/wp-content\/uploads\/2024\/12\/image-8-1.jpg 1224w\" sizes=\"auto, (max-width: 1024px) 100vw, 1024px\" \/><figcaption class=\"wp-element-caption\">Leo Rolando Vianello<\/figcaption><\/figure>\n<\/div>\n<\/div>\n\n\n\n<div class=\"wp-block-columns is-layout-flex wp-container-core-columns-is-layout-9d6595d7 wp-block-columns-is-layout-flex\">\n<div class=\"wp-block-column is-layout-flow wp-block-column-is-layout-flow\"><\/div>\n\n\n\n<div class=\"wp-block-column is-layout-flow wp-block-column-is-layout-flow\"><\/div>\n\n\n\n<div class=\"wp-block-column is-layout-flow wp-block-column-is-layout-flow\"><\/div>\n\n\n\n<div class=\"wp-block-column is-layout-flow wp-block-column-is-layout-flow\"><\/div>\n<\/div>\n\n\n\n<div class=\"wp-block-columns is-layout-flex wp-container-core-columns-is-layout-9d6595d7 wp-block-columns-is-layout-flex\">\n<div class=\"wp-block-column is-layout-flow wp-block-column-is-layout-flow\"><\/div>\n\n\n\n<div class=\"wp-block-column is-layout-flow wp-block-column-is-layout-flow\"><\/div>\n\n\n\n<div class=\"wp-block-column is-layout-flow wp-block-column-is-layout-flow\"><\/div>\n\n\n\n<div class=\"wp-block-column is-layout-flow wp-block-column-is-layout-flow\"><\/div>\n<\/div>\n\n\n\n<div class=\"wp-block-columns is-layout-flex wp-container-core-columns-is-layout-9d6595d7 wp-block-columns-is-layout-flex\">\n<div class=\"wp-block-column is-layout-flow wp-block-column-is-layout-flow\"><\/div>\n\n\n\n<div class=\"wp-block-column is-layout-flow wp-block-column-is-layout-flow\"><\/div>\n\n\n\n<div class=\"wp-block-column is-layout-flow wp-block-column-is-layout-flow\"><\/div>\n\n\n\n<div class=\"wp-block-column is-layout-flow wp-block-column-is-layout-flow\"><\/div>\n<\/div>\n\n\n\n<div style=\"height:100px\" aria-hidden=\"true\" class=\"wp-block-spacer\"><\/div>\n\n\n\n<h2 class=\"wp-block-heading has-text-align-center\"><\/h2>\n\n\n\n<div style=\"height:100px\" aria-hidden=\"true\" class=\"wp-block-spacer\"><\/div>\n\n\n\n<div class=\"wp-block-columns is-layout-flex wp-container-core-columns-is-layout-9d6595d7 wp-block-columns-is-layout-flex\">\n<div class=\"wp-block-column is-layout-flow wp-block-column-is-layout-flow\"><\/div>\n\n\n\n<div class=\"wp-block-column is-layout-flow wp-block-column-is-layout-flow\"><\/div>\n\n\n\n<div class=\"wp-block-column is-layout-flow wp-block-column-is-layout-flow\"><\/div>\n\n\n\n<div class=\"wp-block-column is-layout-flow wp-block-column-is-layout-flow\"><\/div>\n<\/div>\n","protected":false},"excerpt":{"rendered":"<p>ALLENATORE AGONISMO Palermo, 5 Febbraio 1986 Velista professionista con una profonda passione per l&#8217;eccellenza tecnica e strategica, ho dedicato la&#8230;<\/p>\n","protected":false},"author":1,"featured_media":0,"parent":0,"menu_order":0,"comment_status":"closed","ping_status":"closed","template":"","meta":{"_acf_changed":false,"footnotes":""},"class_list":["post-1044","page","type-page","status-publish","hentry"],"acf":[],"yoast_head":"<!-- This site is optimized with the Yoast SEO plugin v25.7 - https:\/\/yoast.com\/wordpress\/plugins\/seo\/ -->\n<title>Squadra optimist - Compagnia della vela<\/title>\n<meta name=\"robots\" content=\"index, follow, max-snippet:-1, max-image-preview:large, max-video-preview:-1\" \/>\n<link rel=\"canonical\" href=\"https:\/\/www.compagniadellavela.org\/squadra-optimist\/\" \/>\n<meta property=\"og:locale\" content=\"en_US\" \/>\n<meta property=\"og:type\" content=\"article\" \/>\n<meta property=\"og:title\" content=\"Squadra optimist - Compagnia della vela\" \/>\n<meta property=\"og:description\" content=\"ALLENATORE AGONISMO Palermo, 5 Febbraio 1986 Velista professionista con una profonda passione per l&#8217;eccellenza tecnica e strategica, ho dedicato la...\" \/>\n<meta property=\"og:url\" content=\"https:\/\/www.compagniadellavela.org\/squadra-optimist\/\" \/>\n<meta property=\"og:site_name\" content=\"Compagnia della vela\" \/>\n<meta property=\"article:modified_time\" content=\"2026-03-23T11:48:40+00:00\" \/>\n<meta property=\"og:image\" content=\"https:\/\/www.compagniadellavela.org\/wp-content\/uploads\/2026\/03\/Gabrielecortegiani-edited.jpeg\" \/>\n\t<meta property=\"og:image:width\" content=\"1200\" \/>\n\t<meta property=\"og:image:height\" content=\"1200\" \/>\n\t<meta property=\"og:image:type\" content=\"image\/jpeg\" \/>\n<meta name=\"twitter:card\" content=\"summary_large_image\" \/>\n<meta name=\"twitter:label1\" content=\"Est. reading time\" \/>\n\t<meta name=\"twitter:data1\" content=\"5 minutes\" \/>\n<script type=\"application\/ld+json\" class=\"yoast-schema-graph\">{\"@context\":\"https:\/\/schema.org\",\"@graph\":[{\"@type\":\"WebPage\",\"@id\":\"https:\/\/www.compagniadellavela.org\/squadra-optimist\/\",\"url\":\"https:\/\/www.compagniadellavela.org\/squadra-optimist\/\",\"name\":\"Squadra optimist - Compagnia della vela\",\"isPartOf\":{\"@id\":\"https:\/\/www.compagniadellavela.org\/#website\"},\"primaryImageOfPage\":{\"@id\":\"https:\/\/www.compagniadellavela.org\/squadra-optimist\/#primaryimage\"},\"image\":{\"@id\":\"https:\/\/www.compagniadellavela.org\/squadra-optimist\/#primaryimage\"},\"thumbnailUrl\":\"https:\/\/www.compagniadellavela.org\/wp-content\/uploads\/2026\/03\/Gabrielecortegiani-edited.jpeg\",\"datePublished\":\"2024-10-30T10:46:21+00:00\",\"dateModified\":\"2026-03-23T11:48:40+00:00\",\"breadcrumb\":{\"@id\":\"https:\/\/www.compagniadellavela.org\/squadra-optimist\/#breadcrumb\"},\"inLanguage\":\"en-US\",\"potentialAction\":[{\"@type\":\"ReadAction\",\"target\":[\"https:\/\/www.compagniadellavela.org\/squadra-optimist\/\"]}]},{\"@type\":\"ImageObject\",\"inLanguage\":\"en-US\",\"@id\":\"https:\/\/www.compagniadellavela.org\/squadra-optimist\/#primaryimage\",\"url\":\"https:\/\/www.compagniadellavela.org\/wp-content\/uploads\/2026\/03\/Gabrielecortegiani-edited.jpeg\",\"contentUrl\":\"https:\/\/www.compagniadellavela.org\/wp-content\/uploads\/2026\/03\/Gabrielecortegiani-edited.jpeg\"},{\"@type\":\"BreadcrumbList\",\"@id\":\"https:\/\/www.compagniadellavela.org\/squadra-optimist\/#breadcrumb\",\"itemListElement\":[{\"@type\":\"ListItem\",\"position\":1,\"name\":\"Home\",\"item\":\"https:\/\/www.compagniadellavela.org\/en\/\"},{\"@type\":\"ListItem\",\"position\":2,\"name\":\"Squadra optimist\"}]},{\"@type\":\"WebSite\",\"@id\":\"https:\/\/www.compagniadellavela.org\/#website\",\"url\":\"https:\/\/www.compagniadellavela.org\/\",\"name\":\"Compagnia della vela\",\"description\":\"\",\"potentialAction\":[{\"@type\":\"SearchAction\",\"target\":{\"@type\":\"EntryPoint\",\"urlTemplate\":\"https:\/\/www.compagniadellavela.org\/?s={search_term_string}\"},\"query-input\":{\"@type\":\"PropertyValueSpecification\",\"valueRequired\":true,\"valueName\":\"search_term_string\"}}],\"inLanguage\":\"en-US\"}]}<\/script>\n<!-- \/ Yoast SEO plugin. -->","yoast_head_json":{"title":"Squadra optimist - Compagnia della vela","robots":{"index":"index","follow":"follow","max-snippet":"max-snippet:-1","max-image-preview":"max-image-preview:large","max-video-preview":"max-video-preview:-1"},"canonical":"https:\/\/www.compagniadellavela.org\/squadra-optimist\/","og_locale":"en_US","og_type":"article","og_title":"Squadra optimist - Compagnia della vela","og_description":"ALLENATORE AGONISMO Palermo, 5 Febbraio 1986 Velista professionista con una profonda passione per l&#8217;eccellenza tecnica e strategica, ho dedicato la...","og_url":"https:\/\/www.compagniadellavela.org\/squadra-optimist\/","og_site_name":"Compagnia della vela","article_modified_time":"2026-03-23T11:48:40+00:00","og_image":[{"width":1200,"height":1200,"url":"https:\/\/www.compagniadellavela.org\/wp-content\/uploads\/2026\/03\/Gabrielecortegiani-edited.jpeg","type":"image\/jpeg"}],"twitter_card":"summary_large_image","twitter_misc":{"Est. reading time":"5 minutes"},"schema":{"@context":"https:\/\/schema.org","@graph":[{"@type":"WebPage","@id":"https:\/\/www.compagniadellavela.org\/squadra-optimist\/","url":"https:\/\/www.compagniadellavela.org\/squadra-optimist\/","name":"Squadra optimist - Compagnia della vela","isPartOf":{"@id":"https:\/\/www.compagniadellavela.org\/#website"},"primaryImageOfPage":{"@id":"https:\/\/www.compagniadellavela.org\/squadra-optimist\/#primaryimage"},"image":{"@id":"https:\/\/www.compagniadellavela.org\/squadra-optimist\/#primaryimage"},"thumbnailUrl":"https:\/\/www.compagniadellavela.org\/wp-content\/uploads\/2026\/03\/Gabrielecortegiani-edited.jpeg","datePublished":"2024-10-30T10:46:21+00:00","dateModified":"2026-03-23T11:48:40+00:00","breadcrumb":{"@id":"https:\/\/www.compagniadellavela.org\/squadra-optimist\/#breadcrumb"},"inLanguage":"en-US","potentialAction":[{"@type":"ReadAction","target":["https:\/\/www.compagniadellavela.org\/squadra-optimist\/"]}]},{"@type":"ImageObject","inLanguage":"en-US","@id":"https:\/\/www.compagniadellavela.org\/squadra-optimist\/#primaryimage","url":"https:\/\/www.compagniadellavela.org\/wp-content\/uploads\/2026\/03\/Gabrielecortegiani-edited.jpeg","contentUrl":"https:\/\/www.compagniadellavela.org\/wp-content\/uploads\/2026\/03\/Gabrielecortegiani-edited.jpeg"},{"@type":"BreadcrumbList","@id":"https:\/\/www.compagniadellavela.org\/squadra-optimist\/#breadcrumb","itemListElement":[{"@type":"ListItem","position":1,"name":"Home","item":"https:\/\/www.compagniadellavela.org\/en\/"},{"@type":"ListItem","position":2,"name":"Squadra optimist"}]},{"@type":"WebSite","@id":"https:\/\/www.compagniadellavela.org\/#website","url":"https:\/\/www.compagniadellavela.org\/","name":"Compagnia della vela","description":"","potentialAction":[{"@type":"SearchAction","target":{"@type":"EntryPoint","urlTemplate":"https:\/\/www.compagniadellavela.org\/?s={search_term_string}"},"query-input":{"@type":"PropertyValueSpecification","valueRequired":true,"valueName":"search_term_string"}}],"inLanguage":"en-US"}]}},"_links":{"self":[{"href":"https:\/\/www.compagniadellavela.org\/en\/wp-json\/wp\/v2\/pages\/1044","targetHints":{"allow":["GET"]}}],"collection":[{"href":"https:\/\/www.compagniadellavela.org\/en\/wp-json\/wp\/v2\/pages"}],"about":[{"href":"https:\/\/www.compagniadellavela.org\/en\/wp-json\/wp\/v2\/types\/page"}],"author":[{"embeddable":true,"href":"https:\/\/www.compagniadellavela.org\/en\/wp-json\/wp\/v2\/users\/1"}],"replies":[{"embeddable":true,"href":"https:\/\/www.compagniadellavela.org\/en\/wp-json\/wp\/v2\/comments?post=1044"}],"version-history":[{"count":38,"href":"https:\/\/www.compagniadellavela.org\/en\/wp-json\/wp\/v2\/pages\/1044\/revisions"}],"predecessor-version":[{"id":4152,"href":"https:\/\/www.compagniadellavela.org\/en\/wp-json\/wp\/v2\/pages\/1044\/revisions\/4152"}],"wp:attachment":[{"href":"https:\/\/www.compagniadellavela.org\/en\/wp-json\/wp\/v2\/media?parent=1044"}],"curies":[{"name":"wp","href":"https:\/\/api.w.org\/{rel}","templated":true}]}}