{"id":2847,"date":"2024-10-30T11:29:23","date_gmt":"2024-10-30T10:29:23","guid":{"rendered":"https:\/\/www.compagniadellavela.org\/agonismo\/"},"modified":"2025-09-02T12:34:38","modified_gmt":"2025-09-02T10:34:38","slug":"agonismo","status":"publish","type":"page","link":"https:\/\/www.compagniadellavela.org\/en\/agonismo\/","title":{"rendered":"Team"},"content":{"rendered":"    <section class=\"hero overflow-hidden \">\n                    <div class=\"hero__inner\">\n                <div class=\"hero__overlay\"><\/div>\n                                    <div class=\"pt-site-header-height\">\n                        <div class=\"pt-7 filter-invert-1-brightness-3\">\n                            <ol id=\"breadcrumbs\" class=\"breadcrumb justify-content-center mb-2 fs-xs\"><li class=\"breadcrumb-item\"><a href=\"https:\/\/www.compagniadellavela.org\/en\/\" title=\"Home\">Home<\/a><\/li><\/ol>                            <header class=\"page-header mb-5 text-center text-uppercase\">\n                                <h1 class=\"page-title\">Team<\/h1>                            <\/header><!-- .page-header -->\n                        <\/div>\n                    <\/div>\n                                                    <picture>\n                                                                        <img decoding=\"async\" class=\"img-fluid w-100 parallax scale-11\" data-parallax=\"20\"\n                             src=\"https:\/\/www.compagniadellavela.org\/wp-content\/uploads\/2024\/11\/COPPACAMPIONIANDORAILCA24_001779-1.jpg\"\n                             alt=\"\"\/>\n                    <\/picture>\n                            <\/div>\n            <\/section>\n\n\n\n<div style=\"height:100px\" aria-hidden=\"true\" class=\"wp-block-spacer\"><\/div>\n\n\n\n<p class=\"container\">Dopo la&nbsp;Scuola Vela, gli allievi pi\u00f9 appassionati possono entrare a far parte della nostra <strong>Squadra Agonistica<\/strong>. I pi\u00f9 piccoli entrano a far parte della squadra <strong>Optimist<\/strong>.&nbsp;Il loro allenatore, Ivano Cerini, li prepara per intraprendere la prima stagione velica sui campi di regata della XII Zona Veneto.&nbsp;Al termine di questa preparazione, che chiamiamo preagonismo, gli atleti saranno pronti per proseguire con l\u2019istruttore Salvatore Prinzivalli e regatare anche su campi nazionali ed internazionali.<br><\/p>\n\n\n\n<p class=\"container\">Gli atleti pi\u00f9 grandi invece, a partire dai 12-14 anni di et\u00e0, entrano a far parte della Squadra <strong>Laser<\/strong> sotto la guida dell\u2019istruttore Paolo de Angelis e si allenano sull\u2019Isola di San Giorgio e sul Lago di Santa Croce. In questa classe, le nostre atlete di punta sono state Silvia Zennaro e Laura Cosentino. Silvia ha partecipato con soddisfazione &nbsp;agli scorsi giochi olimpici di Rio de Janeiro 2016.<\/p>\n\n\n\n<div style=\"height:100px\" aria-hidden=\"true\" class=\"wp-block-spacer\"><\/div>\n\n\n\n<div class=\"wp-block-columns container is-layout-flex wp-container-core-columns-is-layout-9d6595d7 wp-block-columns-is-layout-flex\">\n<div class=\"wp-block-column is-vertically-aligned-center is-layout-flow wp-block-column-is-layout-flow\" style=\"flex-basis:40%\">\n<figure class=\"wp-block-image size-large is-resized\"><img loading=\"lazy\" decoding=\"async\" width=\"1024\" height=\"679\" src=\"https:\/\/www.compagniadellavela.org\/wp-content\/uploads\/2024\/12\/image-10-2-1024x679.jpg\" alt=\"\" class=\"wp-image-2377\" style=\"width:371px;height:auto\" srcset=\"https:\/\/www.compagniadellavela.org\/wp-content\/uploads\/2024\/12\/image-10-2-1024x679.jpg 1024w, https:\/\/www.compagniadellavela.org\/wp-content\/uploads\/2024\/12\/image-10-2-300x199.jpg 300w, https:\/\/www.compagniadellavela.org\/wp-content\/uploads\/2024\/12\/image-10-2-768x509.jpg 768w, https:\/\/www.compagniadellavela.org\/wp-content\/uploads\/2024\/12\/image-10-2-1536x1019.jpg 1536w, https:\/\/www.compagniadellavela.org\/wp-content\/uploads\/2024\/12\/image-10-2-2048x1359.jpg 2048w\" sizes=\"auto, (max-width: 1024px) 100vw, 1024px\" \/><\/figure>\n<\/div>\n\n\n\n<div class=\"wp-block-column is-vertically-aligned-center is-layout-flow wp-block-column-is-layout-flow\" style=\"flex-basis:60%\">\n<h5 class=\"wp-block-heading\">DIRETTORE TECNICO SQUADRE AGONISTICHE<\/h5>\n\n\n\n<p>Salvatore Prinzivalli, nato a Marsala nel 1984, \u00e8 velista fin dall\u2019et\u00e0 di 6 anni; incomincia sull\u2019Optimist per poi spostarsi sul Laser e 420.<\/p>\n\n\n\n<p>\u00c8 istruttore federale dal 2004 e ha lavorato per il Circolo del Tennis e della Vela Messina, la Lega Navale Italiana (Sez. di Trapani), il Circolo Nautico Sambenedettese e la Societ\u00e0 Canottieri Marsala. <\/p>\n\n\n\n<p>Dall\u2019inizio del 2017 ha ricoperto l\u2019incarico di allenatore della squadra Optimist della Compagnia della Vela; dal 2024 \u00e8 direttore tecnico di tutte le squadre agonistiche del Club.<\/p>\n<\/div>\n<\/div>\n\n\n\n<div style=\"height:100px\" aria-hidden=\"true\" class=\"wp-block-spacer\"><\/div>\n\n\n\n<div class=\"wp-block-columns container is-layout-flex wp-container-core-columns-is-layout-9d6595d7 wp-block-columns-is-layout-flex\">\n<div class=\"wp-block-column is-vertically-aligned-center is-layout-flow wp-block-column-is-layout-flow\" style=\"flex-basis:60%\">\n<h2 class=\"wp-block-heading\">OPTIMIST<\/h2>\n\n\n\n<div style=\"height:50px\" aria-hidden=\"true\" class=\"wp-block-spacer\"><\/div>\n\n\n\n<p>L\u2019Optimist \u00e8 una barca per un solo membro di equipaggio adatta per giovani sotto i 15 anni. Fu disegnato nel 1947 da Clark Mills, un designer di Clearwater, Florida, USA.<br>La Classe Optimist non \u00e8 soltanto la pi\u00f9 numerosa classe al mondo per barche di quelle dimensioni ma \u00e8 anche quella che continua ad avere la maggior crescita nel settore. Complessivamente al mondo vi sono 150,000 giovani velisti in 120 paesi.<br><strong>Tra i vincitori di medaglie alle Olimpiadi, l\u201985 % sono passati prima per la Classe Optimist.<\/strong><\/p>\n\n\n        <a  class=\"btn btn-outline-primary\"\n            href=\"https:\/\/www.compagniadellavela.org\/squadra-optimist\/\"\n                    ><span>SCOPRI<\/span><span\n                class=\"icon icon--arrow\"><\/span><\/a>\n        <\/div>\n\n\n\n<div class=\"wp-block-column is-vertically-aligned-center is-layout-flow wp-block-column-is-layout-flow\" style=\"flex-basis:40%\">\n<div style=\"height:50px\" aria-hidden=\"true\" class=\"wp-block-spacer\"><\/div>\n\n\n\n<figure class=\"wp-block-image size-large\"><img loading=\"lazy\" decoding=\"async\" width=\"1024\" height=\"1010\" src=\"https:\/\/www.compagniadellavela.org\/wp-content\/uploads\/2024\/10\/image-1-2-1024x1010.jpg\" alt=\"\" class=\"wp-image-1147\" srcset=\"https:\/\/www.compagniadellavela.org\/wp-content\/uploads\/2024\/10\/image-1-2-1024x1010.jpg 1024w, https:\/\/www.compagniadellavela.org\/wp-content\/uploads\/2024\/10\/image-1-2-300x296.jpg 300w, https:\/\/www.compagniadellavela.org\/wp-content\/uploads\/2024\/10\/image-1-2-768x758.jpg 768w, https:\/\/www.compagniadellavela.org\/wp-content\/uploads\/2024\/10\/image-1-2.jpg 1119w\" sizes=\"auto, (max-width: 1024px) 100vw, 1024px\" \/><\/figure>\n<\/div>\n<\/div>\n\n\n\n<div style=\"height:100px\" aria-hidden=\"true\" class=\"wp-block-spacer\"><\/div>\n\n\n\n<div style=\"height:100px\" aria-hidden=\"true\" class=\"wp-block-spacer\"><\/div>\n\n\n\n<div class=\"wp-block-columns container is-layout-flex wp-container-core-columns-is-layout-9d6595d7 wp-block-columns-is-layout-flex\">\n<div class=\"wp-block-column is-vertically-aligned-center is-layout-flow wp-block-column-is-layout-flow\" style=\"flex-basis:60%\">\n<h2 class=\"wp-block-heading\">ILCA<\/h2>\n\n\n\n<div style=\"height:50px\" aria-hidden=\"true\" class=\"wp-block-spacer\"><\/div>\n\n\n\n<p>Progettato nel 1971 dall\u2019americano Bruce Kirby, il Laser \u00e8 la deriva pi\u00f9 diffusa e famosa al mondo, anche al di fuori dell\u2019ambito strettamente velico.<br>Prodotto ormai in oltre 213.000 esemplari, lungo poco pi\u00f9 di 4 metri, per circa 60 chili di peso, \u00e8 un monotipo essenziale nell\u2019attrezzatura e dotato unicamente di randa, per una sola persona d\u2019equipaggio.<br><\/p>\n\n\n\n<p>Il Laser \u00e8 diventato classe olimpica maschile, nella sua versione Standard, a partire dai Giochi di Atlanta 1996, nel 2008, ai Giochi di Pechino, ha fatto la sua prima apparizione olimpica anche nella versione Radial (che rispetto allo Standard ha una vela pi\u00f9 piccola di circa il 15 per cento come singolo olimpico femminile).<br><\/p>\n\n\n\n<p>In entrambe le versioni, \u00e8 una barca strettamente <strong>one design <\/strong>(peso, dimensioni, vele e attrezzatura identiche per tutti), <strong>perfetta per far emergere le qualit\u00e0 sia fisiche che tattiche del timoniere<\/strong>, nonch\u00e9 la sua capacit\u00e0 di messa a punto del mezzo a seconda delle condizioni.<\/p>\n\n\n        <a  class=\"btn btn-outline-primary\"\n            href=\"https:\/\/www.compagniadellavela.org\/squadra-laser\/\"\n                    ><span>SCOPRI<\/span><span\n                class=\"icon icon--arrow\"><\/span><\/a>\n        <\/div>\n\n\n\n<div class=\"wp-block-column is-vertically-aligned-center is-layout-flow wp-block-column-is-layout-flow\" style=\"flex-basis:40%\">\n<figure class=\"wp-block-image size-large\"><img loading=\"lazy\" decoding=\"async\" width=\"1024\" height=\"1010\" src=\"https:\/\/www.compagniadellavela.org\/wp-content\/uploads\/2024\/11\/ILCAOPENFORMIA24_001698-1024x1010.jpg\" alt=\"\" class=\"wp-image-1998\" srcset=\"https:\/\/www.compagniadellavela.org\/wp-content\/uploads\/2024\/11\/ILCAOPENFORMIA24_001698-1024x1010.jpg 1024w, https:\/\/www.compagniadellavela.org\/wp-content\/uploads\/2024\/11\/ILCAOPENFORMIA24_001698-300x296.jpg 300w, https:\/\/www.compagniadellavela.org\/wp-content\/uploads\/2024\/11\/ILCAOPENFORMIA24_001698-768x758.jpg 768w, https:\/\/www.compagniadellavela.org\/wp-content\/uploads\/2024\/11\/ILCAOPENFORMIA24_001698.jpg 1119w\" sizes=\"auto, (max-width: 1024px) 100vw, 1024px\" \/><\/figure>\n<\/div>\n<\/div>\n\n\n\n<div style=\"height:100px\" aria-hidden=\"true\" class=\"wp-block-spacer\"><\/div>\n\n\n\n<h4 class=\"wp-block-heading has-text-align-center container\">Sei interessata\/o a ricevere maggiori informazioni?\u2028<\/h4>\n\n\n\n<p class=\"has-text-align-center\">Compila il form e ti contatteremo per darti maggiori informazioni.<\/p>\n\n\n\n<div class=\"wp-block-columns is-layout-flex wp-container-core-columns-is-layout-9d6595d7 wp-block-columns-is-layout-flex\">\n<div class=\"wp-block-column is-layout-flow wp-block-column-is-layout-flow\" style=\"flex-basis:33%\"><\/div>\n\n\n\n<div class=\"wp-block-column is-layout-flow wp-block-column-is-layout-flow\" style=\"flex-basis:33%\">\n<div class=\"wp-block-contact-form-7-contact-form-selector container\"><p class=\"wpcf7-contact-form-not-found\"><strong>Error:<\/strong> Contact form not found.<\/p><\/div>\n<\/div>\n\n\n\n<div class=\"wp-block-column is-layout-flow wp-block-column-is-layout-flow\" style=\"flex-basis:33%\"><\/div>\n<\/div>\n\n\n\n<div style=\"height:100px\" aria-hidden=\"true\" class=\"wp-block-spacer\"><\/div>\n","protected":false},"excerpt":{"rendered":"<p>Dopo la&nbsp;Scuola Vela, gli allievi pi\u00f9 appassionati possono entrare a far parte della nostra Squadra Agonistica. I pi\u00f9 piccoli entrano&#8230;<\/p>\n","protected":false},"author":1,"featured_media":0,"parent":0,"menu_order":0,"comment_status":"closed","ping_status":"closed","template":"","meta":{"_acf_changed":false,"footnotes":""},"class_list":["post-2847","page","type-page","status-publish","hentry"],"acf":[],"yoast_head":"<!-- This site is optimized with the Yoast SEO plugin v25.7 - https:\/\/yoast.com\/wordpress\/plugins\/seo\/ -->\n<title>Team - Compagnia della vela<\/title>\n<meta name=\"robots\" content=\"index, follow, max-snippet:-1, max-image-preview:large, max-video-preview:-1\" \/>\n<link rel=\"canonical\" href=\"https:\/\/www.compagniadellavela.org\/en\/agonismo\/\" \/>\n<meta property=\"og:locale\" content=\"en_US\" \/>\n<meta property=\"og:type\" content=\"article\" \/>\n<meta property=\"og:title\" content=\"Team - Compagnia della vela\" \/>\n<meta property=\"og:description\" content=\"Dopo la&nbsp;Scuola Vela, gli allievi pi\u00f9 appassionati possono entrare a far parte della nostra Squadra Agonistica. I pi\u00f9 piccoli entrano...\" \/>\n<meta property=\"og:url\" content=\"https:\/\/www.compagniadellavela.org\/en\/agonismo\/\" \/>\n<meta property=\"og:site_name\" content=\"Compagnia della vela\" \/>\n<meta property=\"article:modified_time\" content=\"2025-09-02T10:34:38+00:00\" \/>\n<meta property=\"og:image\" content=\"https:\/\/www.compagniadellavela.org\/wp-content\/uploads\/2024\/12\/image-10-2-1024x679.jpg\" \/>\n<meta name=\"twitter:card\" content=\"summary_large_image\" \/>\n<meta name=\"twitter:label1\" content=\"Est. reading time\" \/>\n\t<meta name=\"twitter:data1\" content=\"4 minutes\" \/>\n<script type=\"application\/ld+json\" class=\"yoast-schema-graph\">{\"@context\":\"https:\/\/schema.org\",\"@graph\":[{\"@type\":\"WebPage\",\"@id\":\"https:\/\/www.compagniadellavela.org\/en\/agonismo\/\",\"url\":\"https:\/\/www.compagniadellavela.org\/en\/agonismo\/\",\"name\":\"Team - Compagnia della vela\",\"isPartOf\":{\"@id\":\"https:\/\/www.compagniadellavela.org\/#website\"},\"primaryImageOfPage\":{\"@id\":\"https:\/\/www.compagniadellavela.org\/en\/agonismo\/#primaryimage\"},\"image\":{\"@id\":\"https:\/\/www.compagniadellavela.org\/en\/agonismo\/#primaryimage\"},\"thumbnailUrl\":\"https:\/\/www.compagniadellavela.org\/wp-content\/uploads\/2024\/12\/image-10-2-1024x679.jpg\",\"datePublished\":\"2024-10-30T10:29:23+00:00\",\"dateModified\":\"2025-09-02T10:34:38+00:00\",\"breadcrumb\":{\"@id\":\"https:\/\/www.compagniadellavela.org\/en\/agonismo\/#breadcrumb\"},\"inLanguage\":\"en-US\",\"potentialAction\":[{\"@type\":\"ReadAction\",\"target\":[\"https:\/\/www.compagniadellavela.org\/en\/agonismo\/\"]}]},{\"@type\":\"ImageObject\",\"inLanguage\":\"en-US\",\"@id\":\"https:\/\/www.compagniadellavela.org\/en\/agonismo\/#primaryimage\",\"url\":\"https:\/\/www.compagniadellavela.org\/wp-content\/uploads\/2024\/12\/image-10-2-1024x679.jpg\",\"contentUrl\":\"https:\/\/www.compagniadellavela.org\/wp-content\/uploads\/2024\/12\/image-10-2-1024x679.jpg\"},{\"@type\":\"BreadcrumbList\",\"@id\":\"https:\/\/www.compagniadellavela.org\/en\/agonismo\/#breadcrumb\",\"itemListElement\":[{\"@type\":\"ListItem\",\"position\":1,\"name\":\"Home\",\"item\":\"https:\/\/www.compagniadellavela.org\/en\/\"},{\"@type\":\"ListItem\",\"position\":2,\"name\":\"Team\"}]},{\"@type\":\"WebSite\",\"@id\":\"https:\/\/www.compagniadellavela.org\/#website\",\"url\":\"https:\/\/www.compagniadellavela.org\/\",\"name\":\"Compagnia della vela\",\"description\":\"\",\"potentialAction\":[{\"@type\":\"SearchAction\",\"target\":{\"@type\":\"EntryPoint\",\"urlTemplate\":\"https:\/\/www.compagniadellavela.org\/?s={search_term_string}\"},\"query-input\":{\"@type\":\"PropertyValueSpecification\",\"valueRequired\":true,\"valueName\":\"search_term_string\"}}],\"inLanguage\":\"en-US\"}]}<\/script>\n<!-- \/ Yoast SEO plugin. -->","yoast_head_json":{"title":"Team - Compagnia della vela","robots":{"index":"index","follow":"follow","max-snippet":"max-snippet:-1","max-image-preview":"max-image-preview:large","max-video-preview":"max-video-preview:-1"},"canonical":"https:\/\/www.compagniadellavela.org\/en\/agonismo\/","og_locale":"en_US","og_type":"article","og_title":"Team - Compagnia della vela","og_description":"Dopo la&nbsp;Scuola Vela, gli allievi pi\u00f9 appassionati possono entrare a far parte della nostra Squadra Agonistica. I pi\u00f9 piccoli entrano...","og_url":"https:\/\/www.compagniadellavela.org\/en\/agonismo\/","og_site_name":"Compagnia della vela","article_modified_time":"2025-09-02T10:34:38+00:00","og_image":[{"url":"https:\/\/www.compagniadellavela.org\/wp-content\/uploads\/2024\/12\/image-10-2-1024x679.jpg","type":"","width":"","height":""}],"twitter_card":"summary_large_image","twitter_misc":{"Est. reading time":"4 minutes"},"schema":{"@context":"https:\/\/schema.org","@graph":[{"@type":"WebPage","@id":"https:\/\/www.compagniadellavela.org\/en\/agonismo\/","url":"https:\/\/www.compagniadellavela.org\/en\/agonismo\/","name":"Team - Compagnia della vela","isPartOf":{"@id":"https:\/\/www.compagniadellavela.org\/#website"},"primaryImageOfPage":{"@id":"https:\/\/www.compagniadellavela.org\/en\/agonismo\/#primaryimage"},"image":{"@id":"https:\/\/www.compagniadellavela.org\/en\/agonismo\/#primaryimage"},"thumbnailUrl":"https:\/\/www.compagniadellavela.org\/wp-content\/uploads\/2024\/12\/image-10-2-1024x679.jpg","datePublished":"2024-10-30T10:29:23+00:00","dateModified":"2025-09-02T10:34:38+00:00","breadcrumb":{"@id":"https:\/\/www.compagniadellavela.org\/en\/agonismo\/#breadcrumb"},"inLanguage":"en-US","potentialAction":[{"@type":"ReadAction","target":["https:\/\/www.compagniadellavela.org\/en\/agonismo\/"]}]},{"@type":"ImageObject","inLanguage":"en-US","@id":"https:\/\/www.compagniadellavela.org\/en\/agonismo\/#primaryimage","url":"https:\/\/www.compagniadellavela.org\/wp-content\/uploads\/2024\/12\/image-10-2-1024x679.jpg","contentUrl":"https:\/\/www.compagniadellavela.org\/wp-content\/uploads\/2024\/12\/image-10-2-1024x679.jpg"},{"@type":"BreadcrumbList","@id":"https:\/\/www.compagniadellavela.org\/en\/agonismo\/#breadcrumb","itemListElement":[{"@type":"ListItem","position":1,"name":"Home","item":"https:\/\/www.compagniadellavela.org\/en\/"},{"@type":"ListItem","position":2,"name":"Team"}]},{"@type":"WebSite","@id":"https:\/\/www.compagniadellavela.org\/#website","url":"https:\/\/www.compagniadellavela.org\/","name":"Compagnia della vela","description":"","potentialAction":[{"@type":"SearchAction","target":{"@type":"EntryPoint","urlTemplate":"https:\/\/www.compagniadellavela.org\/?s={search_term_string}"},"query-input":{"@type":"PropertyValueSpecification","valueRequired":true,"valueName":"search_term_string"}}],"inLanguage":"en-US"}]}},"_links":{"self":[{"href":"https:\/\/www.compagniadellavela.org\/en\/wp-json\/wp\/v2\/pages\/2847","targetHints":{"allow":["GET"]}}],"collection":[{"href":"https:\/\/www.compagniadellavela.org\/en\/wp-json\/wp\/v2\/pages"}],"about":[{"href":"https:\/\/www.compagniadellavela.org\/en\/wp-json\/wp\/v2\/types\/page"}],"author":[{"embeddable":true,"href":"https:\/\/www.compagniadellavela.org\/en\/wp-json\/wp\/v2\/users\/1"}],"replies":[{"embeddable":true,"href":"https:\/\/www.compagniadellavela.org\/en\/wp-json\/wp\/v2\/comments?post=2847"}],"version-history":[{"count":1,"href":"https:\/\/www.compagniadellavela.org\/en\/wp-json\/wp\/v2\/pages\/2847\/revisions"}],"predecessor-version":[{"id":2848,"href":"https:\/\/www.compagniadellavela.org\/en\/wp-json\/wp\/v2\/pages\/2847\/revisions\/2848"}],"wp:attachment":[{"href":"https:\/\/www.compagniadellavela.org\/en\/wp-json\/wp\/v2\/media?parent=2847"}],"curies":[{"name":"wp","href":"https:\/\/api.w.org\/{rel}","templated":true}]}}