{"id":2855,"date":"2024-10-30T10:31:33","date_gmt":"2024-10-30T09:31:33","guid":{"rendered":"https:\/\/www.compagniadellavela.org\/come-diventare-socio\/"},"modified":"2025-09-02T12:34:37","modified_gmt":"2025-09-02T10:34:37","slug":"come-diventare-socio","status":"publish","type":"page","link":"https:\/\/www.compagniadellavela.org\/en\/come-diventare-socio\/","title":{"rendered":"How to become a member"},"content":{"rendered":"    <section class=\"hero overflow-hidden \">\n                    <div class=\"hero__inner\">\n                <div class=\"hero__overlay\"><\/div>\n                                    <div class=\"pt-site-header-height\">\n                        <div class=\"pt-7 filter-invert-1-brightness-3\">\n                            <ol id=\"breadcrumbs\" class=\"breadcrumb justify-content-center mb-2 fs-xs\"><li class=\"breadcrumb-item\"><a href=\"https:\/\/www.compagniadellavela.org\/en\/\" title=\"Home\">Home<\/a><\/li><\/ol>                            <header class=\"page-header mb-5 text-center text-uppercase\">\n                                <h1 class=\"page-title\">How to become a member<\/h1>                            <\/header><!-- .page-header -->\n                        <\/div>\n                    <\/div>\n                                                    <picture>\n                                                                        <img decoding=\"async\" class=\"img-fluid w-100 parallax scale-11\" data-parallax=\"20\"\n                             src=\"https:\/\/www.compagniadellavela.org\/wp-content\/uploads\/2024\/10\/Rectangle-18-2.jpg\"\n                             alt=\"\"\/>\n                    <\/picture>\n                            <\/div>\n            <\/section>\n\n\n\n<div style=\"height:100px\" aria-hidden=\"true\" class=\"wp-block-spacer\"><\/div>\n\n\n\n<div class=\"wp-block-columns container is-layout-flex wp-container-core-columns-is-layout-9d6595d7 wp-block-columns-is-layout-flex\">\n<div class=\"wp-block-column is-layout-flow wp-block-column-is-layout-flow\" style=\"flex-basis:30%\">\n<h3 class=\"wp-block-heading\">SOCIO ORDINARIO<\/h3>\n<\/div>\n\n\n\n<div class=\"wp-block-column is-layout-flow wp-block-column-is-layout-flow\" style=\"flex-basis:60%\">\n<p>Possono essere ammessi a far parte della CDV in qualit\u00e0 di Soci, senza discriminazioni di sesso, razza e di appartenenza sociale, politica e religiosa, persone di provata seriet\u00e0 e moralit\u00e0, che abbiano compiuto la maggiore et\u00e0, che condividano gli ideali della Compagnia della Vela e che intendano contribuire costruttivamente alla vita sociale (art. 4 dello Statuto). <br><br>La procedura di ammissione richiede la compilazione del modulo domanda (che deve essere controfirmata da due Soci con almeno 5 anni di anzianit\u00e0), che va consegnato in segreteria, in uno al curriculum vitae sportivo e professionale.<br><br>La richiesta viene discussa al primo Consiglio Direttivo che, se non ravvisa ostacoli, ne dispone l\u2019affissione all\u2019albo per 4 settimane, decorse le quali senza opposizione l\u2019iscrizione viene ratificata con contestuale comunicazione al nuovo socio.<\/p>\n<\/div>\n<\/div>\n\n\n\n<div style=\"height:35px\" aria-hidden=\"true\" class=\"wp-block-spacer\"><\/div>\n\n\n\n<div class=\"wp-block-columns container is-layout-flex wp-container-core-columns-is-layout-9d6595d7 wp-block-columns-is-layout-flex\">\n<div class=\"wp-block-column is-layout-flow wp-block-column-is-layout-flow\" style=\"flex-basis:30%\">\n<h3 class=\"wp-block-heading\">SOCI ORDINARI, ORDINARI VITALIZI E BENEMERITI<\/h3>\n<\/div>\n\n\n\n<div class=\"wp-block-column is-layout-flow wp-block-column-is-layout-flow\" style=\"flex-basis:60%\">\n<p>Sono Soci Ordinari Vitalizi quei Soci Ordinari che, in luogo della quota associativa annuale, versano un contributo una tantum nella misura fissata dal Consiglio Direttivo, ma in ogni caso non inferiore a 20 annualit\u00e0 della quota associativa annuale prevista per i Soci Ordinari.<br><br>Il titolo di Socio Benemerito viene conferito ai Soci, ed in via eccezionale anche a non soci, in riconoscimento di speciali servizi resi alla CDV. <br>Sono nominati dall\u2019Assemblea su proposta del Consiglio Direttivo o da almeno venti Soci presenti all\u2019Assemblea.<\/p>\n<\/div>\n<\/div>\n\n\n\n<div style=\"height:35px\" aria-hidden=\"true\" class=\"wp-block-spacer\"><\/div>\n\n\n\n<div class=\"wp-block-columns container is-layout-flex wp-container-core-columns-is-layout-9d6595d7 wp-block-columns-is-layout-flex\">\n<div class=\"wp-block-column is-layout-flow wp-block-column-is-layout-flow\" style=\"flex-basis:30%\">\n<h3 class=\"wp-block-heading\">FAMILIARE DEL SOCIO<\/h3>\n<\/div>\n\n\n\n<div class=\"wp-block-column is-layout-flow wp-block-column-is-layout-flow\" style=\"flex-basis:60%\">\n<p>I Soci Ordinari, Ordinari Vitalizi e Benemeriti che intendono fare partecipi della vita associativa i loro familiari, limitatamente a parentela di primo grado o assimilati e purch\u00e9 conviventi e componenti il nucleo familiare, possono richiedere al Consiglio Direttivo, l\u2019iscrizione degli stessi in un apposito registro.<br><br>E\u2019 possibile richiedere l\u2019iscrizione al massimo di 2\u00a0\u201cFamiliari\u201d, corrispondendo alla CDV per ciascuno di essi, a titolo di rimborso spese, una somma annuale pari al 25% della quota associativa prevista per i Soci Ordinari.<br><br>Tale iscrizione si intende tacitamente rinnovata per ogni anno salvo disdetta e consente al\u00a0\u201cFamiliare\u201d\u00a0(art. 8 del Regolamento)\u00a0del Socio di frequentare la Sede e le strutture sociali, e di partecipare ad ogni attivit\u00e0 od iniziativa promossa dall\u2019Associazione, anche in assenza del Socio presentatore.<\/p>\n<\/div>\n<\/div>\n\n\n\n<div style=\"height:35px\" aria-hidden=\"true\" class=\"wp-block-spacer\"><\/div>\n\n\n\n<div class=\"wp-block-columns container is-layout-flex wp-container-core-columns-is-layout-9d6595d7 wp-block-columns-is-layout-flex\">\n<div class=\"wp-block-column is-layout-flow wp-block-column-is-layout-flow\" style=\"flex-basis:30%\">\n<h3 class=\"wp-block-heading\">ATLETI<\/h3>\n<\/div>\n\n\n\n<div class=\"wp-block-column is-layout-flow wp-block-column-is-layout-flow\" style=\"flex-basis:60%\">\n<p>Sono considerati Atleti (art. 8 del Regolamento) coloro che sono tesserati FI con la CDV e che svolgono attivit\u00e0 continuativa nelle squadre agonistiche della CDV.<br>Le domande di ammissione ad Atleta delle squadre agonistiche CDV, redatte su apposito modulo controfirmato dal Direttore Sportivo, devono essere presentate al Consiglio Direttivo che ne dispone l\u2019ammissione. <br><br>Nel caso di Atleta Juniores (che non abbia compiuto il 18\u00b0 anno di et\u00e0) la domanda sar\u00e0 presentata dal genitore o dall\u2019esercente la potest\u00e0 genitoriale.<br><br>Tale ammissione si intende tacitamente rinnovata per ogni anno salvo disdetta e consente all\u2019Atleta di frequentare la Sede e le strutture sociali, di partecipare ad ogni attivit\u00e0 od iniziativa promossa dall\u2019Associazione e vestire l&#8217;uniforme sociale.<\/p>\n<\/div>\n<\/div>\n\n\n\n<div style=\"height:35px\" aria-hidden=\"true\" class=\"wp-block-spacer\"><\/div>\n\n\n\n<div class=\"wp-block-columns container is-layout-flex wp-container-core-columns-is-layout-9d6595d7 wp-block-columns-is-layout-flex\">\n<div class=\"wp-block-column is-layout-flow wp-block-column-is-layout-flow\" style=\"flex-basis:30%\">\n<h3 class=\"wp-block-heading\">FREQUENTATORE ANNUALE<\/h3>\n<\/div>\n\n\n\n<div class=\"wp-block-column is-layout-flow wp-block-column-is-layout-flow\" style=\"flex-basis:60%\">\n<p>Il&nbsp;Frequentatore Annuale&nbsp;(art. 8 del Regolamento)&nbsp;ha diritto di fruire dei servizi offerti presso le sedi della CDV. Le domande di ammissione a Frequentatore annuale sono presentate al Consiglio Direttivo su proposta di due soci che ne dispone l\u2019ammissione, con il pagamento del relativo contributo, determinato di anno in anno dal Consiglio Direttivo. <br>L\u2019iscrizione \u00e8 valida per un anno e non pu\u00f2 essere rinnovata per pi\u00f9 di una volta.<\/p>\n<\/div>\n<\/div>\n\n\n\n<div style=\"height:100px\" aria-hidden=\"true\" class=\"wp-block-spacer\"><\/div>\n\n\n\n<h4 class=\"wp-block-heading has-text-align-center\">DESIDERI DIVENTARE SOCIO DELLA COMPAGNIA DELLA VELA?<\/h4>\n\n\n\n<p class=\"has-text-align-center\">Contattaci scrivendo a <a href=\"mailto:segreteria@compvela.com\">segreteria@compvela.com<\/a> o chiamando il numero <a href=\"tel: (+39) 041 5200884\">(+39) 041 5200884<\/a><\/p>\n\n\n\n<div style=\"height:100px\" aria-hidden=\"true\" class=\"wp-block-spacer\"><\/div>\n","protected":false},"excerpt":{"rendered":"<p>SOCIO ORDINARIO Possono essere ammessi a far parte della CDV in qualit\u00e0 di Soci, senza discriminazioni di sesso, razza e&#8230;<\/p>\n","protected":false},"author":1,"featured_media":0,"parent":0,"menu_order":0,"comment_status":"closed","ping_status":"closed","template":"","meta":{"_acf_changed":false,"footnotes":""},"class_list":["post-2855","page","type-page","status-publish","hentry"],"acf":[],"yoast_head":"<!-- This site is optimized with the Yoast SEO plugin v25.7 - https:\/\/yoast.com\/wordpress\/plugins\/seo\/ -->\n<title>How to become a member - Compagnia della vela<\/title>\n<meta name=\"robots\" content=\"index, follow, max-snippet:-1, max-image-preview:large, max-video-preview:-1\" \/>\n<link rel=\"canonical\" href=\"https:\/\/www.compagniadellavela.org\/en\/come-diventare-socio\/\" \/>\n<meta property=\"og:locale\" content=\"en_US\" \/>\n<meta property=\"og:type\" content=\"article\" \/>\n<meta property=\"og:title\" content=\"How to become a member - Compagnia della vela\" \/>\n<meta property=\"og:description\" content=\"SOCIO ORDINARIO Possono essere ammessi a far parte della CDV in qualit\u00e0 di Soci, senza discriminazioni di sesso, razza e...\" \/>\n<meta property=\"og:url\" content=\"https:\/\/www.compagniadellavela.org\/en\/come-diventare-socio\/\" \/>\n<meta property=\"og:site_name\" content=\"Compagnia della vela\" \/>\n<meta property=\"article:modified_time\" content=\"2025-09-02T10:34:37+00:00\" \/>\n<meta name=\"twitter:card\" content=\"summary_large_image\" \/>\n<meta name=\"twitter:label1\" content=\"Est. reading time\" \/>\n\t<meta name=\"twitter:data1\" content=\"3 minutes\" \/>\n<script type=\"application\/ld+json\" class=\"yoast-schema-graph\">{\"@context\":\"https:\/\/schema.org\",\"@graph\":[{\"@type\":\"WebPage\",\"@id\":\"https:\/\/www.compagniadellavela.org\/en\/come-diventare-socio\/\",\"url\":\"https:\/\/www.compagniadellavela.org\/en\/come-diventare-socio\/\",\"name\":\"How to become a member - Compagnia della vela\",\"isPartOf\":{\"@id\":\"https:\/\/www.compagniadellavela.org\/#website\"},\"datePublished\":\"2024-10-30T09:31:33+00:00\",\"dateModified\":\"2025-09-02T10:34:37+00:00\",\"breadcrumb\":{\"@id\":\"https:\/\/www.compagniadellavela.org\/en\/come-diventare-socio\/#breadcrumb\"},\"inLanguage\":\"en-US\",\"potentialAction\":[{\"@type\":\"ReadAction\",\"target\":[\"https:\/\/www.compagniadellavela.org\/en\/come-diventare-socio\/\"]}]},{\"@type\":\"BreadcrumbList\",\"@id\":\"https:\/\/www.compagniadellavela.org\/en\/come-diventare-socio\/#breadcrumb\",\"itemListElement\":[{\"@type\":\"ListItem\",\"position\":1,\"name\":\"Home\",\"item\":\"https:\/\/www.compagniadellavela.org\/en\/\"},{\"@type\":\"ListItem\",\"position\":2,\"name\":\"How to become a member\"}]},{\"@type\":\"WebSite\",\"@id\":\"https:\/\/www.compagniadellavela.org\/#website\",\"url\":\"https:\/\/www.compagniadellavela.org\/\",\"name\":\"Compagnia della vela\",\"description\":\"\",\"potentialAction\":[{\"@type\":\"SearchAction\",\"target\":{\"@type\":\"EntryPoint\",\"urlTemplate\":\"https:\/\/www.compagniadellavela.org\/?s={search_term_string}\"},\"query-input\":{\"@type\":\"PropertyValueSpecification\",\"valueRequired\":true,\"valueName\":\"search_term_string\"}}],\"inLanguage\":\"en-US\"}]}<\/script>\n<!-- \/ Yoast SEO plugin. -->","yoast_head_json":{"title":"How to become a member - Compagnia della vela","robots":{"index":"index","follow":"follow","max-snippet":"max-snippet:-1","max-image-preview":"max-image-preview:large","max-video-preview":"max-video-preview:-1"},"canonical":"https:\/\/www.compagniadellavela.org\/en\/come-diventare-socio\/","og_locale":"en_US","og_type":"article","og_title":"How to become a member - Compagnia della vela","og_description":"SOCIO ORDINARIO Possono essere ammessi a far parte della CDV in qualit\u00e0 di Soci, senza discriminazioni di sesso, razza e...","og_url":"https:\/\/www.compagniadellavela.org\/en\/come-diventare-socio\/","og_site_name":"Compagnia della vela","article_modified_time":"2025-09-02T10:34:37+00:00","twitter_card":"summary_large_image","twitter_misc":{"Est. reading time":"3 minutes"},"schema":{"@context":"https:\/\/schema.org","@graph":[{"@type":"WebPage","@id":"https:\/\/www.compagniadellavela.org\/en\/come-diventare-socio\/","url":"https:\/\/www.compagniadellavela.org\/en\/come-diventare-socio\/","name":"How to become a member - Compagnia della vela","isPartOf":{"@id":"https:\/\/www.compagniadellavela.org\/#website"},"datePublished":"2024-10-30T09:31:33+00:00","dateModified":"2025-09-02T10:34:37+00:00","breadcrumb":{"@id":"https:\/\/www.compagniadellavela.org\/en\/come-diventare-socio\/#breadcrumb"},"inLanguage":"en-US","potentialAction":[{"@type":"ReadAction","target":["https:\/\/www.compagniadellavela.org\/en\/come-diventare-socio\/"]}]},{"@type":"BreadcrumbList","@id":"https:\/\/www.compagniadellavela.org\/en\/come-diventare-socio\/#breadcrumb","itemListElement":[{"@type":"ListItem","position":1,"name":"Home","item":"https:\/\/www.compagniadellavela.org\/en\/"},{"@type":"ListItem","position":2,"name":"How to become a member"}]},{"@type":"WebSite","@id":"https:\/\/www.compagniadellavela.org\/#website","url":"https:\/\/www.compagniadellavela.org\/","name":"Compagnia della vela","description":"","potentialAction":[{"@type":"SearchAction","target":{"@type":"EntryPoint","urlTemplate":"https:\/\/www.compagniadellavela.org\/?s={search_term_string}"},"query-input":{"@type":"PropertyValueSpecification","valueRequired":true,"valueName":"search_term_string"}}],"inLanguage":"en-US"}]}},"_links":{"self":[{"href":"https:\/\/www.compagniadellavela.org\/en\/wp-json\/wp\/v2\/pages\/2855","targetHints":{"allow":["GET"]}}],"collection":[{"href":"https:\/\/www.compagniadellavela.org\/en\/wp-json\/wp\/v2\/pages"}],"about":[{"href":"https:\/\/www.compagniadellavela.org\/en\/wp-json\/wp\/v2\/types\/page"}],"author":[{"embeddable":true,"href":"https:\/\/www.compagniadellavela.org\/en\/wp-json\/wp\/v2\/users\/1"}],"replies":[{"embeddable":true,"href":"https:\/\/www.compagniadellavela.org\/en\/wp-json\/wp\/v2\/comments?post=2855"}],"version-history":[{"count":2,"href":"https:\/\/www.compagniadellavela.org\/en\/wp-json\/wp\/v2\/pages\/2855\/revisions"}],"predecessor-version":[{"id":3000,"href":"https:\/\/www.compagniadellavela.org\/en\/wp-json\/wp\/v2\/pages\/2855\/revisions\/3000"}],"wp:attachment":[{"href":"https:\/\/www.compagniadellavela.org\/en\/wp-json\/wp\/v2\/media?parent=2855"}],"curies":[{"name":"wp","href":"https:\/\/api.w.org\/{rel}","templated":true}]}}