{"id":3068,"date":"2024-10-23T12:02:33","date_gmt":"2024-10-23T10:02:33","guid":{"rendered":"https:\/\/www.compagniadellavela.org\/cookie-policy\/"},"modified":"2025-09-02T12:34:36","modified_gmt":"2025-09-02T10:34:36","slug":"cookie-policy","status":"publish","type":"page","link":"https:\/\/www.compagniadellavela.org\/en\/cookie-policy\/","title":{"rendered":"Cookie policy"},"content":{"rendered":"\n<h2 class=\"wp-block-heading\">Cookie Policy<\/h2>\n\n<p>Proseguendo la navigazione nel Sito, si intender\u00e0 accettata dall\u2019Utente la preferenza circa l\u2019installazione dei cookie e secondo i termini indicati nella Cookie Policy del Sito. La preferenza verr\u00e0 aggiornata ad ogni successiva visita. Il consenso verr\u00e0 invece tenuto in sospeso in caso di abbandono immediato del Sito da parte dell\u2019Utente, senza che questi abbia compiuto alcuna azione, oppure in caso di click sul link presente nel banner, che rimanda alla presente cookie policy.<\/p>\n\n<p>Sar\u00e0 tenuta traccia dell\u2019avvenuta prestazione del consenso da parte dell\u2019utente attraverso un cookie tecnico.<\/p>\n\n<h3 class=\"wp-block-heading\">Informazioni generali<\/h3>\n\n<p>I cookie sono piccoli file di dati generati nel computer dell&#8217;Utente per consentire al sistema di memorizzare dati utili alla navigazione, personalizzandola. I cookie sono collocati sul computer dell&#8217;utente e vengono esaminati ogni volta che l&#8217;utente accede al Sito.<\/p>\n\n<p>I browser offrono la possibilit\u00e0 di impedire ai siti il salvataggio e l&#8217;utilizzo dei cookie. In tal modo per\u00f2 potrebbe risultare impedito il completo o corretto funzionamento delle funzioni offerte dai siti stessi.<\/p>\n\n<p>I cookie utilizzati dal Sito sono standard e innocui. La raccolta dei cookie avviene principalmente con lo scopo di raccogliere dati utili ad apportare migliorie al sito ed a redigere statistiche di utilizzo.<\/p>\n\n<p>In aggiunta a quanto indicato in questo documento, l&#8217;Utente pu\u00f2 gestire le preferenze relative ai Cookie direttamente all&#8217;interno del proprio browser ed impedire \u2013 ad esempio \u2013 che terze parti possano installarne. Tramite le preferenze del browser \u00e8 inoltre possibile eliminare i Cookie installati in passato, incluso il Cookie in cui venga eventualmente salvato il consenso all&#8217;installazione di Cookie da parte di questo sito. Si rimanda per questo alle istruzioni presenti all\u2019interno di questa informativa ed in ogni caso alle indicazioni offerte nelle apposite sezioni relative alla rimozione dei cookies delle applicazioni interessate.<\/p>\n\n<p>Con riferimento a Cookie installati da terze parti, l&#8217;Utente pu\u00f2 inoltre gestire le proprie impostazioni e revocare il consenso visitando il relativo link di opt out (qualora disponibile), utilizzando gli strumenti descritti nella privacy policy della terza parte o contattando direttamente la stessa.<\/p>\n\n<h3 class=\"wp-block-heading\">RIFERIMENTI<\/h3>\n\n<p>Il titolare del loro trattamento \u00e8: Compagnia della Vela A.S.D.<\/p>\n\n<p>Con sede legale in: San Marco, Giardinetti n. 2 30124 Venezia<\/p>\n\n<p>Il titolare del trattamento \u00e8 contattabile al seguente indirizzo: <a href=\"mailto:segreteria@compvela.com\">segreteria@compvela.com<\/a><\/p>\n\n<h3 class=\"wp-block-heading\">Tipi di cookie<\/h3>\n\n<p>A titolo informativo, segue un elenco dei cookie utilizzati dal Sito per le finalit\u00e0 sopra esposte:<\/p>\n\n<h4 class=\"wp-block-heading\">Cookie tecnici (esenti dal preventivo consenso dell\u2019Utente):<\/h4>\n\n<h5 class=\"wp-block-heading\">&#8211; Gestione delle sessioni<\/h5>\n\n<p>Sono richiesti per facilitare l&#8217;accesso al Sito e la navigazione tra le pagine, cos\u00ec da poter utilizzare in modo semplificato determinati servizi offerti nelle diverse sezioni del Sito. Normalmente questi cookie durano finch\u00e9 il browser dell&#8217;utente rimane attivo e vengono cancellati quando viene chiuso. Ci sono alcuni cookie che possono aver bisogno di rimanere pi\u00f9 a lungo della durata della sessione.<\/p>\n\n<h5 class=\"wp-block-heading\">&#8211; Monitoraggio delle prestazioni<\/h5>\n\n<p>Vengono raccolti cookie per controllare e analizzare l\u2019utilizzo del Sito da parte degli Utenti, mediante statistiche anonime come: numero di accessi, provenienza dei visitatori, pagine visitate. Questi dati sono utili allo sviluppo ed al miglioramento del portale e della sua offerta.<\/p>\n\n<h5 class=\"wp-block-heading\">&#8211; Utilizzo delle funzionalit\u00e0<\/h5>\n\n<p>Questi cookie consentono di impostare e memorizzare le preferenze per l\u2019accesso al Sito e ai vari servizi offerti da questo, ad esempio quando si effettua l&#8217;accesso per inviare commenti o quando c&#8217;\u00e8 la possibilit\u00e0 di personalizzare impostazioni o il contenuto del sito (come la lingua preferita o l\u2019area geografica).<\/p>\n\n<h4 class=\"wp-block-heading\">Cookie non tecnici (richiedenti il preventivo consenso dell\u2019Utente)<\/h4>\n\n<p>&#8211; Cookie di profilazione pubblicitaria di prima o terza parte<\/p>\n\n<p>&#8211; Cookie di retargeting<\/p>\n\n<p>&#8211; Cookie di social network<\/p>\n\n<p>&#8211; Cookie di statistica gestiti completamente dalle terze parti<\/p>\n\n<p>&#8211; Pubblicit\u00e0 basata sugli interessi (behavioural advertising)<\/p>\n\n<p>Questi cookie permettono a noi e a terze parti di identificare in forma anonima quello che gli utenti ritengono popolare, permettendo una selezione pi\u00f9 personalizzata e pertinente di pubblicit\u00e0 da visualizzare quando si naviga in internet. Questi cookie permettono di costruire un quadro complessivo, sempre in forma anonima, delle preferenze degli individui basandosi sul come hanno navigato in internet, al fine di fornire pubblicit\u00e0 pi\u00f9 rilevante.<\/p>\n\n<h3 class=\"wp-block-heading\">Strumenti di analytics esenti dall\u2019obbligo di consenso:<\/h3>\n\n<p>&#8211; cookie di analytics installati direttamente sul server della prima parte o della propria server farm senza interazioni da parte di terzi (a titolo esemplificativo, strumenti come Piwik);<\/p>\n\n<p>&#8211; cookie gestiti da terza parte, ma anonimizzati, ovvero in relazione ai quali la terza parte non possa accedere ai dati disaggregati di analytics a livello di IP<\/p>\n\n<h3 class=\"wp-block-heading\">Sicurezza<\/h3>\n\n<p>Al fine di prevenire l&#8217;uso fraudolento delle credenziali di accesso e proteggere i dati degli utenti da soggetti non autorizzati, utilizziamo cookie di sicurezza per autenticare gli utenti.<\/p>\n\n<h3 class=\"wp-block-heading\">Gestione delle preferenze relative ai cookie<\/h3>\n\n<p>In ogni momento l\u2019utente potr\u00e0 scegliere quali sono i cookie che desidera ricevere e quali invece non intenda ricevere mediante modifiche alle impostazioni del browser in utilizzo (Chrome, Safari, Internet Explorer, Firefox, ecc\u2026). Per tale operazione si rimanda alla sezione \u201cHelp\u201d o \u201cGuida\u201d del suddetto browser.<\/p>\n\n<p>Si avvisa in ogni caso che, se si decidesse di non accettare determinati cookie, si potrebbe non essere in grado di utilizzare correttamente alcune funzionalit\u00e0 del portale.<\/p>\n\n<p>Di seguito una lista di fornitori autorizzati a inserire cookie sul nostro Sito con le relative politiche per la privacy:<\/p>\n\n<p>&#8211; Google, Google Ads, Google Analytics<\/p>\n\n<p>&#8211; Facebook, Twitter, Instagram<\/p>\n\n<p>&#8211; ELAN42 e suoi fornitori di servizi di hosting<\/p>\n\n<h3 class=\"wp-block-heading\">Durata dei cookie<\/h3>\n\n<p>I cookie hanno una durata dettata dalla data di scadenza (o da un&#8217;azione specifica come la chiusura del browser) impostata al momento dell&#8217;installazione.<\/p>\n\n<p>I cookie possono essere:<\/p>\n\n<p>\u2022 temporanei o di sessione (session cookie): sono utilizzati per archiviare informazioni temporanee, consentono di collegare le azioni eseguite durante una sessione specifica e vengono rimossi dal computer alla chiusura del browser;<\/p>\n\n<p>\u2022 permanenti (persistent cookie): sono utilizzati per archiviare informazioni, ad esempio il nome e la password di accesso, in modo da evitare che l&#8217;utente debba digitarli nuovamente ogni volta che visita un sito specifico. Questi rimangono memorizzati nel computer anche dopo aver chiuso il browser.<\/p>\n\n<h3 class=\"wp-block-heading\">Gestione dei cookie<\/h3>\n\n<p>In rispetto alle direttive del Reg. Ue 679\/2016 (GDPR), l\u2019Utente pu\u00f2 modificare in qualsiasi momento il consenso ai cookie direttamente da questo link \u2013 gestione dei cookie.<\/p>\n\n<p>Il Sito terr\u00e0 opportuna traccia del\/dei consenso\/i dell\u2019Utente attraverso un apposito cookie tecnico, considerato dal Garante Privacy uno strumento \u201cnon particolarmente invasivo\u201d. L\u2019Utente pu\u00f2 negare il suo consenso e\/o modificare in ogni momento le proprie opzioni relative all\u2019uso dei cookie da parte del presente Sito Web, tramite accesso alla presente Informativa Privacy che \u00e8 \u201clinkabile\u201d da ogni pagina del presente Sito.<\/p>\n\n<p>L\u2019Utente ha la facolt\u00e0 in qualsiasi momento di esercitare i diritti riconosciuti dal Reg. Ue 679\/2016, ed, in particolare, tra gli altri, di ottenere copia dei dati trattati, il loro aggiornamento, la loro origine, la finalit\u00e0 e la modalit\u00e0 del trattamento, la loro rettifica o integrazione, la loro cancellazione, la trasformazione in forma anonima o il blocco per i trattamenti in violazione di legge e di opporsi per motivi legittimi al trattamento. Per esercitare tali diritti o chiedere ulteriori chiarimenti scrivere a: Il titolare del trattamento: Compagnia della Vela A.S.D. Con sede legale in: San Marco, Giardinetti n. 2 30124 Venezia Il titolare del trattamento \u00e8 contattabile al seguente indirizzo: <a href=\"mailto:segreteria@compvela.com\">segreteria@compvela.com<\/a> Se \u00e8 gi\u00e0 stato dato il consenso ma si vogliono cambiare le autorizzazioni dei cookie, bisogna cancellarli attraverso il browser, come indicato sotto, perch\u00e9 altrimenti quelli gi\u00e0 installati non verranno rimossi. In particolare, si tenga presente che non \u00e8 possibile in alcun modo controllare i cookie di terze parti, quindi se \u00e8 gi\u00e0 stato dato precedentemente il consenso, \u00e8 necessario procedere alla cancellazione dei cookie attraverso il browser (sezione dedicata) oppure chiedendo l&#8217;opt-out direttamente alle terze parti o tramite il sito <a href=\"https:\/\/www.youronlinechoices.com\/it\/le-tue-scelte\">https:\/\/www.youronlinechoices.com\/it\/le-tue-scelte<\/a><\/p>\n\n<p>Se vuoi saperne di pi\u00f9, puoi consultare i seguenti siti: \u2022 <a href=\"http:\/\/www.youronlinechoices.com\/\">www.youronlinechoices.com\/<\/a> \u2022 <a href=\"http:\/\/www.allaboutcookies.org\/\">www.allaboutcookies.org\/<\/a> \u2022 <a href=\"http:\/\/www.cookiechoices.org\/\">www.cookiechoices.org\/<\/a> \u2022 <a href=\"https:\/\/www.garanteprivacy.it\/web\/guest\/home\/docweb\/-\/docweb-display\/docweb\/3118884\">www.cookiechoices.org\/<\/a><\/p>\n\n<p>Come disabilitare\/cancellare i cookie mediante configurazione del browser.<\/p>\n\n<h3 class=\"wp-block-heading\">Chrome<\/h3>\n\n<p>1. Eseguire il Browser Chrome<\/p>\n\n<p>2. Fare click sul men\u00f9 presente nella barra degli strumenti del browser a fianco della finestra di inserimento url per la navigazione<\/p>\n\n<p>3. Selezionare Impostazioni<\/p>\n\n<p>4. Fare clic su Mostra Impostazioni Avanzate<\/p>\n\n<p>5. Nella sezione \u201cPrivacy\u201d fare clic su bottone \u201cImpostazioni contenuti\u201c<\/p>\n\n<p>6. Nella sezione \u201cCookie\u201d \u00e8 possibile modificare le seguenti impostazioni relative ai cookie:<\/p>\n\n<p>\u2022 Consentire il salvataggio dei dati in locale<\/p>\n\n<p>\u2022 Modificare i dati locali solo fino alla chiusura del browser<\/p>\n\n<p>\u2022 Impedire ai siti di impostare i cookie<\/p>\n\n<p>\u2022 Bloccare i cookie di terze parti e i dati dei siti<\/p>\n\n<p>\u2022 Gestire le eccezioni per alcuni siti internet<\/p>\n\n<p>\u2022 Eliminare uno o tutti i cookie<\/p>\n\n<p>Per maggiori informazioni visita la pagina dedicata.<\/p>\n\n<h3 class=\"wp-block-heading\">Mozilla Firefox<\/h3>\n\n<p>1. Eseguire il Browser Mozilla Firefox<\/p>\n\n<p>2. Fare click sul men\u00f9 presente nella barra degli strumenti del browser a fianco della finestra di inserimento url per la navigazione<\/p>\n\n<p>3. Selezionare Opzioni<\/p>\n\n<p>4. Selezionare il pannello Privacy<\/p>\n\n<p>5. Fare clic su Mostra Impostazioni Avanzate<\/p>\n\n<p>6. Nella sezione \u201cPrivacy\u201d fare clic su bottone \u201cImpostazioni contenuti\u201c<\/p>\n\n<p>7. Nella sezione \u201cTracciamento\u201d \u00e8 possibile modificare le seguenti impostazioni relative ai cookie:<\/p>\n\n<p>\u2022 Richiedi ai siti di non effettuare alcun tracciamento<\/p>\n\n<p>\u2022 Comunica ai siti la disponibilit\u00e0 ad essere tracciato<\/p>\n\n<p>\u2022 Non comunicare alcuna preferenza relativa al tracciamento dei dati personali<\/p>\n\n<p>8. Dalla sezione \u201cCronologia\u201d \u00e8 possibile:<\/p>\n\n<p>\u2022 Abilitando \u201cUtilizza impostazioni personalizzate\u201d selezionare di accettare i cookie di terze parti (sempre, dai siti pi\u00f9 visitato o mai) e di conservarli per un periodo determinato (fino alla loro scadenza, alla chiusura di Firefox o di chiedere ogni volta)<\/p>\n\n<p>\u2022 Rimuovere i singoli cookie immagazzinati.<\/p>\n\n<p>Per maggiori informazioni visita la pagina dedicata.<\/p>\n\n<h3 class=\"wp-block-heading\">Internet Explorer<\/h3>\n\n<p>1. Eseguire il Browser Internet Explorer<\/p>\n\n<p>2. Fare click sul pulsante Strumenti e scegliere Opzioni Internet<\/p>\n\n<p>3. Fare click sulla scheda Privacy e, nella sezione Impostazioni, modificare il dispositivo di scorrimento in funzione dell\u2019azione desiderata per i cookie:<\/p>\n\n<p>\u2022 Bloccare tutti i cookie<\/p>\n\n<p>\u2022 Consentire tutti i cookie<\/p>\n\n<p>\u2022 Selezionare i siti da cui ottenere cookie: spostare il cursore in una posizione intermedia in modo da non bloccare o consentire tutti i cookie, premere quindi su Siti, nella casella Indirizzo Sito Web inserire un sito internet e quindi premere su Blocca o Consenti. Per maggiori informazioni visita la pagina dedicata.<\/p>\n\n<h3 class=\"wp-block-heading\">Safari 6<\/h3>\n\n<p>1. Eseguire il Browser Safari<\/p>\n\n<p>2. Fare click su Safari, selezionare Preferenze e premere su Privacy<\/p>\n\n<p>3. Nella sezione Blocca Cookie specificare come Safari deve accettare i cookie dai siti internet.<\/p>\n\n<p>4. Per visionare quali siti hanno immagazzinato i cookie cliccare su Dettagli<\/p>\n\n<p>Per maggiori informazioni visita la pagina dedicata.<\/p>\n\n<h3 class=\"wp-block-heading\">Safari iOS (dispositivi mobile)<\/h3>\n\n<p>1. Eseguire il Browser Safari iOS<\/p>\n\n<p>2. Tocca su Impostazioni e poi Safari 3. Tocca su Blocca Cookie e scegli tra le varie opzioni: \u201cMai\u201d, \u201cDi terze parti e inserzionisti\u201d o \u201cSempre\u201d<\/p>\n\n<p>4. Per cancellare tutti i cookie immagazzinati da Safari, tocca su Impostazioni, poi su Safari e infine su Cancella Cookie e dati<\/p>\n\n<p>Per maggiori informazioni visita la pagina dedicata.<\/p>\n\n<h3 class=\"wp-block-heading\">Opera<\/h3>\n\n<p>1. Eseguire il Browser Opera<\/p>\n\n<p>2. Fare click sul Preferenze poi su Avanzate e infine su Cookie<\/p>\n\n<p>3. Selezionare una delle seguenti opzioni:<\/p>\n\n<p>\u2022 Accetta tutti i cookie<\/p>\n\n<p>\u2022 Accetta i cookie solo dal sito che si visita: i cookie di terze parti e quelli che vengono inviati da un dominio diverso da quello che si sta visitando verranno rifiutati<\/p>\n\n<p>\u2022 Non accettare mai i cookie: tutti i cookie non verranno mai salvati. Per maggiori informazioni visita la pagina dedicata.<\/p>\n\n<p>Dal momento che l&#8217;installazione di Cookie e di altri sistemi di tracciamento operata da terze parti tramite i servizi utilizzati all&#8217;interno di questa Applicazione non pu\u00f2 essere tecnicamente controllata dal Titolare, ogni riferimento specifico a Cookie e sistemi di tracciamento installati da terze parti \u00e8 da considerarsi indicativo. Per ottenere informazioni complete, l\u2019Utente \u00e8 invitato a consultare la privacy policy degli eventuali servizi terzi elencati in questo documento.<\/p>\n\n<p>Vista l&#8217;oggettiva complessit\u00e0 di identificazione delle tecnologie basate sui Cookie l&#8217;Utente \u00e8 invitato a contattare il Titolare qualora volesse ricevere qualunque approfondimento relativo all&#8217;utilizzo dei Cookie stessi tramite questa Applicazione.<\/p>\n\n<p>Al fine di offrire la migliore esperienza online, possono essere aggiunti al portale nuovi servizi che utilizzano cookie. Sar\u00e0 inoltre costantemente monitorata l\u2019evoluzione normativa inerente cookies e privacy, con conseguenti eventuali modifiche ai presenti prospetti informativi. Nell\u2019ottica di mantenere esatte e conosciute le informazioni qui fornite, tali aggiornamenti e modifiche verranno pubblicati su questa o altre pagine del portale.<\/p>\n\n<p>Con la cessazione della sessione l\u2019Utente dichiara di non aver pi\u00f9 nulla a pretendere per quanto concerne la gestione e la presenza dei cookie riferiti alla navigazione nel presente portale.<\/p>\n\n<p>Il presente documento \u00e8 aggiornato al 25\/05\/2018.<\/p>\n","protected":false},"excerpt":{"rendered":"<p>Cookie Policy Proseguendo la navigazione nel Sito, si intender\u00e0 accettata dall\u2019Utente la preferenza circa l\u2019installazione dei cookie e secondo i&#8230;<\/p>\n","protected":false},"author":1,"featured_media":0,"parent":0,"menu_order":0,"comment_status":"closed","ping_status":"closed","template":"","meta":{"_acf_changed":false,"footnotes":""},"class_list":["post-3068","page","type-page","status-publish","hentry"],"acf":[],"yoast_head":"<!-- This site is optimized with the Yoast SEO plugin v25.7 - https:\/\/yoast.com\/wordpress\/plugins\/seo\/ -->\n<title>Cookie policy - Compagnia della vela<\/title>\n<meta name=\"robots\" content=\"index, follow, max-snippet:-1, max-image-preview:large, max-video-preview:-1\" \/>\n<link rel=\"canonical\" href=\"https:\/\/www.compagniadellavela.org\/en\/cookie-policy\/\" \/>\n<meta property=\"og:locale\" content=\"en_US\" \/>\n<meta property=\"og:type\" content=\"article\" \/>\n<meta property=\"og:title\" content=\"Cookie policy - Compagnia della vela\" \/>\n<meta property=\"og:description\" content=\"Cookie Policy Proseguendo la navigazione nel Sito, si intender\u00e0 accettata dall\u2019Utente la preferenza circa l\u2019installazione dei cookie e secondo i...\" \/>\n<meta property=\"og:url\" content=\"https:\/\/www.compagniadellavela.org\/en\/cookie-policy\/\" \/>\n<meta property=\"og:site_name\" content=\"Compagnia della vela\" \/>\n<meta property=\"article:modified_time\" content=\"2025-09-02T10:34:36+00:00\" \/>\n<meta name=\"twitter:card\" content=\"summary_large_image\" \/>\n<meta name=\"twitter:label1\" content=\"Est. reading time\" \/>\n\t<meta name=\"twitter:data1\" content=\"11 minutes\" \/>\n<script type=\"application\/ld+json\" class=\"yoast-schema-graph\">{\"@context\":\"https:\/\/schema.org\",\"@graph\":[{\"@type\":\"WebPage\",\"@id\":\"https:\/\/www.compagniadellavela.org\/en\/cookie-policy\/\",\"url\":\"https:\/\/www.compagniadellavela.org\/en\/cookie-policy\/\",\"name\":\"Cookie policy - Compagnia della vela\",\"isPartOf\":{\"@id\":\"https:\/\/www.compagniadellavela.org\/#website\"},\"datePublished\":\"2024-10-23T10:02:33+00:00\",\"dateModified\":\"2025-09-02T10:34:36+00:00\",\"breadcrumb\":{\"@id\":\"https:\/\/www.compagniadellavela.org\/en\/cookie-policy\/#breadcrumb\"},\"inLanguage\":\"en-US\",\"potentialAction\":[{\"@type\":\"ReadAction\",\"target\":[\"https:\/\/www.compagniadellavela.org\/en\/cookie-policy\/\"]}]},{\"@type\":\"BreadcrumbList\",\"@id\":\"https:\/\/www.compagniadellavela.org\/en\/cookie-policy\/#breadcrumb\",\"itemListElement\":[{\"@type\":\"ListItem\",\"position\":1,\"name\":\"Home\",\"item\":\"https:\/\/www.compagniadellavela.org\/en\/\"},{\"@type\":\"ListItem\",\"position\":2,\"name\":\"Cookie policy\"}]},{\"@type\":\"WebSite\",\"@id\":\"https:\/\/www.compagniadellavela.org\/#website\",\"url\":\"https:\/\/www.compagniadellavela.org\/\",\"name\":\"Compagnia della vela\",\"description\":\"\",\"potentialAction\":[{\"@type\":\"SearchAction\",\"target\":{\"@type\":\"EntryPoint\",\"urlTemplate\":\"https:\/\/www.compagniadellavela.org\/?s={search_term_string}\"},\"query-input\":{\"@type\":\"PropertyValueSpecification\",\"valueRequired\":true,\"valueName\":\"search_term_string\"}}],\"inLanguage\":\"en-US\"}]}<\/script>\n<!-- \/ Yoast SEO plugin. -->","yoast_head_json":{"title":"Cookie policy - Compagnia della vela","robots":{"index":"index","follow":"follow","max-snippet":"max-snippet:-1","max-image-preview":"max-image-preview:large","max-video-preview":"max-video-preview:-1"},"canonical":"https:\/\/www.compagniadellavela.org\/en\/cookie-policy\/","og_locale":"en_US","og_type":"article","og_title":"Cookie policy - Compagnia della vela","og_description":"Cookie Policy Proseguendo la navigazione nel Sito, si intender\u00e0 accettata dall\u2019Utente la preferenza circa l\u2019installazione dei cookie e secondo i...","og_url":"https:\/\/www.compagniadellavela.org\/en\/cookie-policy\/","og_site_name":"Compagnia della vela","article_modified_time":"2025-09-02T10:34:36+00:00","twitter_card":"summary_large_image","twitter_misc":{"Est. reading time":"11 minutes"},"schema":{"@context":"https:\/\/schema.org","@graph":[{"@type":"WebPage","@id":"https:\/\/www.compagniadellavela.org\/en\/cookie-policy\/","url":"https:\/\/www.compagniadellavela.org\/en\/cookie-policy\/","name":"Cookie policy - Compagnia della vela","isPartOf":{"@id":"https:\/\/www.compagniadellavela.org\/#website"},"datePublished":"2024-10-23T10:02:33+00:00","dateModified":"2025-09-02T10:34:36+00:00","breadcrumb":{"@id":"https:\/\/www.compagniadellavela.org\/en\/cookie-policy\/#breadcrumb"},"inLanguage":"en-US","potentialAction":[{"@type":"ReadAction","target":["https:\/\/www.compagniadellavela.org\/en\/cookie-policy\/"]}]},{"@type":"BreadcrumbList","@id":"https:\/\/www.compagniadellavela.org\/en\/cookie-policy\/#breadcrumb","itemListElement":[{"@type":"ListItem","position":1,"name":"Home","item":"https:\/\/www.compagniadellavela.org\/en\/"},{"@type":"ListItem","position":2,"name":"Cookie policy"}]},{"@type":"WebSite","@id":"https:\/\/www.compagniadellavela.org\/#website","url":"https:\/\/www.compagniadellavela.org\/","name":"Compagnia della vela","description":"","potentialAction":[{"@type":"SearchAction","target":{"@type":"EntryPoint","urlTemplate":"https:\/\/www.compagniadellavela.org\/?s={search_term_string}"},"query-input":{"@type":"PropertyValueSpecification","valueRequired":true,"valueName":"search_term_string"}}],"inLanguage":"en-US"}]}},"_links":{"self":[{"href":"https:\/\/www.compagniadellavela.org\/en\/wp-json\/wp\/v2\/pages\/3068","targetHints":{"allow":["GET"]}}],"collection":[{"href":"https:\/\/www.compagniadellavela.org\/en\/wp-json\/wp\/v2\/pages"}],"about":[{"href":"https:\/\/www.compagniadellavela.org\/en\/wp-json\/wp\/v2\/types\/page"}],"author":[{"embeddable":true,"href":"https:\/\/www.compagniadellavela.org\/en\/wp-json\/wp\/v2\/users\/1"}],"replies":[{"embeddable":true,"href":"https:\/\/www.compagniadellavela.org\/en\/wp-json\/wp\/v2\/comments?post=3068"}],"version-history":[{"count":1,"href":"https:\/\/www.compagniadellavela.org\/en\/wp-json\/wp\/v2\/pages\/3068\/revisions"}],"predecessor-version":[{"id":4024,"href":"https:\/\/www.compagniadellavela.org\/en\/wp-json\/wp\/v2\/pages\/3068\/revisions\/4024"}],"wp:attachment":[{"href":"https:\/\/www.compagniadellavela.org\/en\/wp-json\/wp\/v2\/media?parent=3068"}],"curies":[{"name":"wp","href":"https:\/\/api.w.org\/{rel}","templated":true}]}}